{"id":6695,"date":"2020-04-01T11:17:13","date_gmt":"2020-04-01T11:17:13","guid":{"rendered":"https:\/\/www.patent.hu\/koszonjuk-uzenetet\/"},"modified":"2020-04-01T11:21:49","modified_gmt":"2020-04-01T11:21:49","slug":"danke-fuer-deine-nachricht","status":"publish","type":"page","link":"https:\/\/patent.hu\/de\/danke-fuer-deine-nachricht\/","title":{"rendered":"Danke f\u00fcr deine Nachricht"},"content":{"rendered":"\n<style type=\"text\/css\" data-created_by=\"avia_inline_auto\" id=\"style-css-av-av_one_full-1e26125d131ba13f1accaa8241be1528\">\n.flex_column.av-av_one_full-1e26125d131ba13f1accaa8241be1528{\nborder-radius:0px 0px 0px 0px;\npadding:0px 0px 0px 0px;\n}\n<\/style>\n<div  class='flex_column av-av_one_full-1e26125d131ba13f1accaa8241be1528 av_one_full  avia-builder-el-0  avia-builder-el-no-sibling  first flex_column_div av-zero-column-padding  '     ><section  class='av_textblock_section av-k8h8jwk4-85b3f541f94f06dd3fb53b6d783eaddb '   itemscope=\"itemscope\" itemtype=\"https:\/\/schema.org\/CreativeWork\" ><div class='avia_textblock'  itemprop=\"text\" ><h2 style=\"text-align: center; margin-top: 50px; margin-bottom: 200px;\">Nachricht erfolgreich gesendet.<br \/>\nDanke, dass Sie uns kontaktiert haben.<\/h2>\n<\/div><\/section><\/div>\n","protected":false},"excerpt":{"rendered":"","protected":false},"author":1,"featured_media":0,"parent":0,"menu_order":0,"comment_status":"closed","ping_status":"closed","template":"","meta":{"footnotes":""},"class_list":["post-6695","page","type-page","status-publish","hentry"],"yoast_head":"<!-- This site is optimized with the Yoast SEO plugin v27.2 - https:\/\/yoast.com\/product\/yoast-seo-wordpress\/ -->\n<title>Danke f\u00fcr deine Nachricht - Patent Kft.<\/title>\n<meta name=\"robots\" content=\"index, follow, max-snippet:-1, max-image-preview:large, max-video-preview:-1\" \/>\n<link rel=\"canonical\" href=\"https:\/\/patent.hu\/de\/danke-fuer-deine-nachricht\/\" \/>\n<meta property=\"og:locale\" content=\"de_DE\" \/>\n<meta property=\"og:type\" content=\"article\" \/>\n<meta property=\"og:title\" content=\"Danke f\u00fcr deine Nachricht - Patent Kft.\" \/>\n<meta property=\"og:url\" content=\"https:\/\/patent.hu\/de\/danke-fuer-deine-nachricht\/\" \/>\n<meta property=\"og:site_name\" content=\"Patent Kft.\" \/>\n<meta property=\"article:publisher\" content=\"https:\/\/www.facebook.com\/people\/Patent-Kft\/100066768171896\/?locale=hu_HU\" \/>\n<meta property=\"article:modified_time\" content=\"2020-04-01T11:21:49+00:00\" \/>\n<meta name=\"twitter:card\" content=\"summary_large_image\" \/>\n<meta name=\"twitter:label1\" content=\"Gesch\u00e4tzte Lesezeit\" \/>\n\t<meta name=\"twitter:data1\" content=\"1\u00a0Minute\" \/>\n<script type=\"application\/ld+json\" class=\"yoast-schema-graph\">{\"@context\":\"https:\/\/schema.org\",\"@graph\":[{\"@type\":\"WebPage\",\"@id\":\"https:\/\/patent.hu\/de\/danke-fuer-deine-nachricht\/\",\"url\":\"https:\/\/patent.hu\/de\/danke-fuer-deine-nachricht\/\",\"name\":\"Danke f\u00fcr deine Nachricht - Patent Kft.\",\"isPartOf\":{\"@id\":\"https:\/\/patent.hu\/de\/#website\"},\"datePublished\":\"2020-04-01T11:17:13+00:00\",\"dateModified\":\"2020-04-01T11:21:49+00:00\",\"breadcrumb\":{\"@id\":\"https:\/\/patent.hu\/de\/danke-fuer-deine-nachricht\/#breadcrumb\"},\"inLanguage\":\"de\",\"potentialAction\":[{\"@type\":\"ReadAction\",\"target\":[\"https:\/\/patent.hu\/de\/danke-fuer-deine-nachricht\/\"]}]},{\"@type\":\"BreadcrumbList\",\"@id\":\"https:\/\/patent.hu\/de\/danke-fuer-deine-nachricht\/#breadcrumb\",\"itemListElement\":[{\"@type\":\"ListItem\",\"position\":1,\"name\":\"Kezd\u0151lap\",\"item\":\"https:\/\/patent.hu\/de\/anfangsseite\/\"},{\"@type\":\"ListItem\",\"position\":2,\"name\":\"Danke f\u00fcr deine Nachricht\"}]},{\"@type\":\"WebSite\",\"@id\":\"https:\/\/patent.hu\/de\/#website\",\"url\":\"https:\/\/patent.hu\/de\/\",\"name\":\"Patent Kft.\",\"description\":\"Ipari Szerel\u0151 \u00e9s Gy\u00e1rt\u00f3 Kft.\",\"publisher\":{\"@id\":\"https:\/\/patent.hu\/de\/#organization\"},\"potentialAction\":[{\"@type\":\"SearchAction\",\"target\":{\"@type\":\"EntryPoint\",\"urlTemplate\":\"https:\/\/patent.hu\/de\/?s={search_term_string}\"},\"query-input\":{\"@type\":\"PropertyValueSpecification\",\"valueRequired\":true,\"valueName\":\"search_term_string\"}}],\"inLanguage\":\"de\"},{\"@type\":\"Organization\",\"@id\":\"https:\/\/patent.hu\/de\/#organization\",\"name\":\"Patent Kft.\",\"url\":\"https:\/\/patent.hu\/de\/\",\"logo\":{\"@type\":\"ImageObject\",\"inLanguage\":\"de\",\"@id\":\"https:\/\/patent.hu\/de\/#\/schema\/logo\/image\/\",\"url\":\"https:\/\/patent.hu\/ptnt17\/wp-content\/uploads\/2019\/10\/patent-content-logo.jpg\",\"contentUrl\":\"https:\/\/patent.hu\/ptnt17\/wp-content\/uploads\/2019\/10\/patent-content-logo.jpg\",\"width\":319,\"height\":139,\"caption\":\"Patent Kft.\"},\"image\":{\"@id\":\"https:\/\/patent.hu\/de\/#\/schema\/logo\/image\/\"},\"sameAs\":[\"https:\/\/www.facebook.com\/people\/Patent-Kft\/100066768171896\/?locale=hu_HU\"]}]}<\/script>\n<!-- \/ Yoast SEO plugin. -->","yoast_head_json":{"title":"Danke f\u00fcr deine Nachricht - Patent Kft.","robots":{"index":"index","follow":"follow","max-snippet":"max-snippet:-1","max-image-preview":"max-image-preview:large","max-video-preview":"max-video-preview:-1"},"canonical":"https:\/\/patent.hu\/de\/danke-fuer-deine-nachricht\/","og_locale":"de_DE","og_type":"article","og_title":"Danke f\u00fcr deine Nachricht - Patent Kft.","og_url":"https:\/\/patent.hu\/de\/danke-fuer-deine-nachricht\/","og_site_name":"Patent Kft.","article_publisher":"https:\/\/www.facebook.com\/people\/Patent-Kft\/100066768171896\/?locale=hu_HU","article_modified_time":"2020-04-01T11:21:49+00:00","twitter_card":"summary_large_image","twitter_misc":{"Gesch\u00e4tzte Lesezeit":"1\u00a0Minute"},"schema":{"@context":"https:\/\/schema.org","@graph":[{"@type":"WebPage","@id":"https:\/\/patent.hu\/de\/danke-fuer-deine-nachricht\/","url":"https:\/\/patent.hu\/de\/danke-fuer-deine-nachricht\/","name":"Danke f\u00fcr deine Nachricht - Patent Kft.","isPartOf":{"@id":"https:\/\/patent.hu\/de\/#website"},"datePublished":"2020-04-01T11:17:13+00:00","dateModified":"2020-04-01T11:21:49+00:00","breadcrumb":{"@id":"https:\/\/patent.hu\/de\/danke-fuer-deine-nachricht\/#breadcrumb"},"inLanguage":"de","potentialAction":[{"@type":"ReadAction","target":["https:\/\/patent.hu\/de\/danke-fuer-deine-nachricht\/"]}]},{"@type":"BreadcrumbList","@id":"https:\/\/patent.hu\/de\/danke-fuer-deine-nachricht\/#breadcrumb","itemListElement":[{"@type":"ListItem","position":1,"name":"Kezd\u0151lap","item":"https:\/\/patent.hu\/de\/anfangsseite\/"},{"@type":"ListItem","position":2,"name":"Danke f\u00fcr deine Nachricht"}]},{"@type":"WebSite","@id":"https:\/\/patent.hu\/de\/#website","url":"https:\/\/patent.hu\/de\/","name":"Patent Kft.","description":"Ipari Szerel\u0151 \u00e9s Gy\u00e1rt\u00f3 Kft.","publisher":{"@id":"https:\/\/patent.hu\/de\/#organization"},"potentialAction":[{"@type":"SearchAction","target":{"@type":"EntryPoint","urlTemplate":"https:\/\/patent.hu\/de\/?s={search_term_string}"},"query-input":{"@type":"PropertyValueSpecification","valueRequired":true,"valueName":"search_term_string"}}],"inLanguage":"de"},{"@type":"Organization","@id":"https:\/\/patent.hu\/de\/#organization","name":"Patent Kft.","url":"https:\/\/patent.hu\/de\/","logo":{"@type":"ImageObject","inLanguage":"de","@id":"https:\/\/patent.hu\/de\/#\/schema\/logo\/image\/","url":"https:\/\/patent.hu\/ptnt17\/wp-content\/uploads\/2019\/10\/patent-content-logo.jpg","contentUrl":"https:\/\/patent.hu\/ptnt17\/wp-content\/uploads\/2019\/10\/patent-content-logo.jpg","width":319,"height":139,"caption":"Patent Kft."},"image":{"@id":"https:\/\/patent.hu\/de\/#\/schema\/logo\/image\/"},"sameAs":["https:\/\/www.facebook.com\/people\/Patent-Kft\/100066768171896\/?locale=hu_HU"]}]}},"_links":{"self":[{"href":"https:\/\/patent.hu\/de\/wp-json\/wp\/v2\/pages\/6695","targetHints":{"allow":["GET"]}}],"collection":[{"href":"https:\/\/patent.hu\/de\/wp-json\/wp\/v2\/pages"}],"about":[{"href":"https:\/\/patent.hu\/de\/wp-json\/wp\/v2\/types\/page"}],"author":[{"embeddable":true,"href":"https:\/\/patent.hu\/de\/wp-json\/wp\/v2\/users\/1"}],"replies":[{"embeddable":true,"href":"https:\/\/patent.hu\/de\/wp-json\/wp\/v2\/comments?post=6695"}],"version-history":[{"count":3,"href":"https:\/\/patent.hu\/de\/wp-json\/wp\/v2\/pages\/6695\/revisions"}],"predecessor-version":[{"id":6703,"href":"https:\/\/patent.hu\/de\/wp-json\/wp\/v2\/pages\/6695\/revisions\/6703"}],"wp:attachment":[{"href":"https:\/\/patent.hu\/de\/wp-json\/wp\/v2\/media?parent=6695"}],"curies":[{"name":"wp","href":"https:\/\/api.w.org\/{rel}","templated":true}]}}