{"id":7904,"date":"2023-02-07T14:36:17","date_gmt":"2023-02-07T14:36:17","guid":{"rendered":"https:\/\/patent.hu\/dokumentacio-es-garancia\/"},"modified":"2023-02-07T22:13:19","modified_gmt":"2023-02-07T22:13:19","slug":"dokumentation-und-garantie","status":"publish","type":"page","link":"https:\/\/patent.hu\/de\/dokumentation-und-garantie\/","title":{"rendered":"Dokumentation und Garantie"},"content":{"rendered":"<p dir=\"ltr\">Unsere standard Druckgef\u00e4\u00dfunterlagen werden im Einklang mit den modernen europ\u00e4ischen Erwartungen erstellt. Sollte unser Kunde spezielle Anspr\u00fcche haben, wird sein Produktdokumentationspaket dementsprechend zusammengestellt. Nach den Kundenbed\u00fcrfnissen k\u00f6nnen wir auch FAT, bzw. IQ und OQ Dokumentation sichern.<\/p>\n<p dir=\"ltr\">Gegenw\u00e4rtig k\u00f6nnen wir nach AD 2000 und GOST, sowie den cGMP Richtlinien entsprechende Dokumentation sichern, die Qualifizierung von ASME \u201cU stamp\u201d ist im Gange. Die Sprache der Dokumentation kann Ungarisch, Englisch, Deutsch und auch Russisch sein.<\/p>\n<p dir=\"ltr\">Die Garantiebedingungen h\u00e4ngen im Gro\u00dfen und Ganzen von dem Produkt und dem Industriezweig ab, sie werden immer nach den individuellen Anspr\u00fcchen unserer Partner gesichert.<\/p>\n","protected":false},"excerpt":{"rendered":"<p>Unsere standard Druckgef\u00e4\u00dfunterlagen werden im Einklang mit den modernen europ\u00e4ischen Erwartungen erstellt. Sollte unser Kunde spezielle Anspr\u00fcche haben, wird sein Produktdokumentationspaket dementsprechend zusammengestellt. Nach den Kundenbed\u00fcrfnissen k\u00f6nnen wir auch FAT, bzw. IQ und OQ Dokumentation sichern. Gegenw\u00e4rtig k\u00f6nnen wir nach AD 2000 und GOST, sowie den cGMP Richtlinien entsprechende Dokumentation sichern, die Qualifizierung von ASME [&hellip;]<\/p>\n","protected":false},"author":1,"featured_media":0,"parent":0,"menu_order":0,"comment_status":"closed","ping_status":"closed","template":"","meta":{"footnotes":""},"class_list":["post-7904","page","type-page","status-publish","hentry"],"yoast_head":"<!-- This site is optimized with the Yoast SEO plugin v27.5 - https:\/\/yoast.com\/product\/yoast-seo-wordpress\/ -->\n<title>Dokumentation und Garantie - Patent Kft.<\/title>\n<meta name=\"robots\" content=\"index, follow, max-snippet:-1, max-image-preview:large, max-video-preview:-1\" \/>\n<link rel=\"canonical\" href=\"https:\/\/patent.hu\/de\/dokumentation-und-garantie\/\" \/>\n<meta property=\"og:locale\" content=\"de_DE\" \/>\n<meta property=\"og:type\" content=\"article\" \/>\n<meta property=\"og:title\" content=\"Dokumentation und Garantie - Patent Kft.\" \/>\n<meta property=\"og:description\" content=\"Unsere standard Druckgef\u00e4\u00dfunterlagen werden im Einklang mit den modernen europ\u00e4ischen Erwartungen erstellt. Sollte unser Kunde spezielle Anspr\u00fcche haben, wird sein Produktdokumentationspaket dementsprechend zusammengestellt. Nach den Kundenbed\u00fcrfnissen k\u00f6nnen wir auch FAT, bzw. IQ und OQ Dokumentation sichern. Gegenw\u00e4rtig k\u00f6nnen wir nach AD 2000 und GOST, sowie den cGMP Richtlinien entsprechende Dokumentation sichern, die Qualifizierung von ASME [&hellip;]\" \/>\n<meta property=\"og:url\" content=\"https:\/\/patent.hu\/de\/dokumentation-und-garantie\/\" \/>\n<meta property=\"og:site_name\" content=\"Patent Kft.\" \/>\n<meta property=\"article:publisher\" content=\"https:\/\/www.facebook.com\/people\/Patent-Kft\/100066768171896\/?locale=hu_HU\" \/>\n<meta property=\"article:modified_time\" content=\"2023-02-07T22:13:19+00:00\" \/>\n<meta name=\"twitter:card\" content=\"summary_large_image\" \/>\n<meta name=\"twitter:label1\" content=\"Gesch\u00e4tzte Lesezeit\" \/>\n\t<meta name=\"twitter:data1\" content=\"1\u00a0Minute\" \/>\n<script type=\"application\/ld+json\" class=\"yoast-schema-graph\">{\"@context\":\"https:\\\/\\\/schema.org\",\"@graph\":[{\"@type\":\"WebPage\",\"@id\":\"https:\\\/\\\/patent.hu\\\/de\\\/dokumentation-und-garantie\\\/\",\"url\":\"https:\\\/\\\/patent.hu\\\/de\\\/dokumentation-und-garantie\\\/\",\"name\":\"Dokumentation und Garantie - Patent Kft.\",\"isPartOf\":{\"@id\":\"https:\\\/\\\/patent.hu\\\/de\\\/#website\"},\"datePublished\":\"2023-02-07T14:36:17+00:00\",\"dateModified\":\"2023-02-07T22:13:19+00:00\",\"breadcrumb\":{\"@id\":\"https:\\\/\\\/patent.hu\\\/de\\\/dokumentation-und-garantie\\\/#breadcrumb\"},\"inLanguage\":\"de\",\"potentialAction\":[{\"@type\":\"ReadAction\",\"target\":[\"https:\\\/\\\/patent.hu\\\/de\\\/dokumentation-und-garantie\\\/\"]}]},{\"@type\":\"BreadcrumbList\",\"@id\":\"https:\\\/\\\/patent.hu\\\/de\\\/dokumentation-und-garantie\\\/#breadcrumb\",\"itemListElement\":[{\"@type\":\"ListItem\",\"position\":1,\"name\":\"Kezd\u0151lap\",\"item\":\"https:\\\/\\\/patent.hu\\\/de\\\/anfangsseite\\\/\"},{\"@type\":\"ListItem\",\"position\":2,\"name\":\"Dokumentation und Garantie\"}]},{\"@type\":\"WebSite\",\"@id\":\"https:\\\/\\\/patent.hu\\\/de\\\/#website\",\"url\":\"https:\\\/\\\/patent.hu\\\/de\\\/\",\"name\":\"Patent Kft.\",\"description\":\"Ipari Szerel\u0151 \u00e9s Gy\u00e1rt\u00f3 Kft.\",\"publisher\":{\"@id\":\"https:\\\/\\\/patent.hu\\\/de\\\/#organization\"},\"potentialAction\":[{\"@type\":\"SearchAction\",\"target\":{\"@type\":\"EntryPoint\",\"urlTemplate\":\"https:\\\/\\\/patent.hu\\\/de\\\/?s={search_term_string}\"},\"query-input\":{\"@type\":\"PropertyValueSpecification\",\"valueRequired\":true,\"valueName\":\"search_term_string\"}}],\"inLanguage\":\"de\"},{\"@type\":\"Organization\",\"@id\":\"https:\\\/\\\/patent.hu\\\/de\\\/#organization\",\"name\":\"Patent Kft.\",\"url\":\"https:\\\/\\\/patent.hu\\\/de\\\/\",\"logo\":{\"@type\":\"ImageObject\",\"inLanguage\":\"de\",\"@id\":\"https:\\\/\\\/patent.hu\\\/de\\\/#\\\/schema\\\/logo\\\/image\\\/\",\"url\":\"https:\\\/\\\/patent.hu\\\/ptnt17\\\/wp-content\\\/uploads\\\/2019\\\/10\\\/patent-content-logo.jpg\",\"contentUrl\":\"https:\\\/\\\/patent.hu\\\/ptnt17\\\/wp-content\\\/uploads\\\/2019\\\/10\\\/patent-content-logo.jpg\",\"width\":319,\"height\":139,\"caption\":\"Patent Kft.\"},\"image\":{\"@id\":\"https:\\\/\\\/patent.hu\\\/de\\\/#\\\/schema\\\/logo\\\/image\\\/\"},\"sameAs\":[\"https:\\\/\\\/www.facebook.com\\\/people\\\/Patent-Kft\\\/100066768171896\\\/?locale=hu_HU\"]}]}<\/script>\n<!-- \/ Yoast SEO plugin. -->","yoast_head_json":{"title":"Dokumentation und Garantie - Patent Kft.","robots":{"index":"index","follow":"follow","max-snippet":"max-snippet:-1","max-image-preview":"max-image-preview:large","max-video-preview":"max-video-preview:-1"},"canonical":"https:\/\/patent.hu\/de\/dokumentation-und-garantie\/","og_locale":"de_DE","og_type":"article","og_title":"Dokumentation und Garantie - Patent Kft.","og_description":"Unsere standard Druckgef\u00e4\u00dfunterlagen werden im Einklang mit den modernen europ\u00e4ischen Erwartungen erstellt. Sollte unser Kunde spezielle Anspr\u00fcche haben, wird sein Produktdokumentationspaket dementsprechend zusammengestellt. Nach den Kundenbed\u00fcrfnissen k\u00f6nnen wir auch FAT, bzw. IQ und OQ Dokumentation sichern. Gegenw\u00e4rtig k\u00f6nnen wir nach AD 2000 und GOST, sowie den cGMP Richtlinien entsprechende Dokumentation sichern, die Qualifizierung von ASME [&hellip;]","og_url":"https:\/\/patent.hu\/de\/dokumentation-und-garantie\/","og_site_name":"Patent Kft.","article_publisher":"https:\/\/www.facebook.com\/people\/Patent-Kft\/100066768171896\/?locale=hu_HU","article_modified_time":"2023-02-07T22:13:19+00:00","twitter_card":"summary_large_image","twitter_misc":{"Gesch\u00e4tzte Lesezeit":"1\u00a0Minute"},"schema":{"@context":"https:\/\/schema.org","@graph":[{"@type":"WebPage","@id":"https:\/\/patent.hu\/de\/dokumentation-und-garantie\/","url":"https:\/\/patent.hu\/de\/dokumentation-und-garantie\/","name":"Dokumentation und Garantie - Patent Kft.","isPartOf":{"@id":"https:\/\/patent.hu\/de\/#website"},"datePublished":"2023-02-07T14:36:17+00:00","dateModified":"2023-02-07T22:13:19+00:00","breadcrumb":{"@id":"https:\/\/patent.hu\/de\/dokumentation-und-garantie\/#breadcrumb"},"inLanguage":"de","potentialAction":[{"@type":"ReadAction","target":["https:\/\/patent.hu\/de\/dokumentation-und-garantie\/"]}]},{"@type":"BreadcrumbList","@id":"https:\/\/patent.hu\/de\/dokumentation-und-garantie\/#breadcrumb","itemListElement":[{"@type":"ListItem","position":1,"name":"Kezd\u0151lap","item":"https:\/\/patent.hu\/de\/anfangsseite\/"},{"@type":"ListItem","position":2,"name":"Dokumentation und Garantie"}]},{"@type":"WebSite","@id":"https:\/\/patent.hu\/de\/#website","url":"https:\/\/patent.hu\/de\/","name":"Patent Kft.","description":"Ipari Szerel\u0151 \u00e9s Gy\u00e1rt\u00f3 Kft.","publisher":{"@id":"https:\/\/patent.hu\/de\/#organization"},"potentialAction":[{"@type":"SearchAction","target":{"@type":"EntryPoint","urlTemplate":"https:\/\/patent.hu\/de\/?s={search_term_string}"},"query-input":{"@type":"PropertyValueSpecification","valueRequired":true,"valueName":"search_term_string"}}],"inLanguage":"de"},{"@type":"Organization","@id":"https:\/\/patent.hu\/de\/#organization","name":"Patent Kft.","url":"https:\/\/patent.hu\/de\/","logo":{"@type":"ImageObject","inLanguage":"de","@id":"https:\/\/patent.hu\/de\/#\/schema\/logo\/image\/","url":"https:\/\/patent.hu\/ptnt17\/wp-content\/uploads\/2019\/10\/patent-content-logo.jpg","contentUrl":"https:\/\/patent.hu\/ptnt17\/wp-content\/uploads\/2019\/10\/patent-content-logo.jpg","width":319,"height":139,"caption":"Patent Kft."},"image":{"@id":"https:\/\/patent.hu\/de\/#\/schema\/logo\/image\/"},"sameAs":["https:\/\/www.facebook.com\/people\/Patent-Kft\/100066768171896\/?locale=hu_HU"]}]}},"_links":{"self":[{"href":"https:\/\/patent.hu\/de\/wp-json\/wp\/v2\/pages\/7904","targetHints":{"allow":["GET"]}}],"collection":[{"href":"https:\/\/patent.hu\/de\/wp-json\/wp\/v2\/pages"}],"about":[{"href":"https:\/\/patent.hu\/de\/wp-json\/wp\/v2\/types\/page"}],"author":[{"embeddable":true,"href":"https:\/\/patent.hu\/de\/wp-json\/wp\/v2\/users\/1"}],"replies":[{"embeddable":true,"href":"https:\/\/patent.hu\/de\/wp-json\/wp\/v2\/comments?post=7904"}],"version-history":[{"count":1,"href":"https:\/\/patent.hu\/de\/wp-json\/wp\/v2\/pages\/7904\/revisions"}],"predecessor-version":[{"id":7970,"href":"https:\/\/patent.hu\/de\/wp-json\/wp\/v2\/pages\/7904\/revisions\/7970"}],"wp:attachment":[{"href":"https:\/\/patent.hu\/de\/wp-json\/wp\/v2\/media?parent=7904"}],"curies":[{"name":"wp","href":"https:\/\/api.w.org\/{rel}","templated":true}]}}