{"id":7907,"date":"2023-02-07T14:33:42","date_gmt":"2023-02-07T14:33:42","guid":{"rendered":"https:\/\/patent.hu\/minosegbiztositas\/"},"modified":"2023-02-07T22:15:52","modified_gmt":"2023-02-07T22:15:52","slug":"qualitaetssicherung","status":"publish","type":"page","link":"https:\/\/patent.hu\/de\/qualitaetssicherung\/","title":{"rendered":"Qualit\u00e4tssicherung"},"content":{"rendered":"<p><strong class=\"patent-blue\">Unsere Firma verf\u00fcgt \u00fcber s\u00e4mtliche Genehmigungen und Zertifikate, die zur Herstellung unserer speziellen Produkte n\u00f6tig sind.:<\/strong><\/p>\n<ul>\n<li>Wir arbeiten auf Grund des Qualit\u00e4tssicherungssystems nach <strong>ISO 9001:2015<\/strong>. Wir haben die Firmenqualifikation f\u00fcr Schwei\u00dfkonstruktionen, Druckbeh\u00e4lter und f\u00fcr die Herstellung von Beh\u00e4ltern f\u00fcr Gefanrstoffe laut\u00a0<strong>, AD 2000 Merkblatt<\/strong>, und wir d\u00fcrfen fertigen nach G; B1+F und B+F Modul der Richtlinie 97\/23\/EK, entsprechend der Einstufung der Anlage (PED)<\/li>\n<li>Wir verf\u00fcgen \u00fcber die Herstellungslizenz bez\u00fcglich der Fertigung von drucklosen Beh\u00e4ltern zur Lagerung von\u00a0<strong>gef\u00e4hrlichen Fl\u00fcssigkeiten und Schmelzen<\/strong>\u00a0der\u00a0<strong>11\/1994 (III. 25.) IKM<\/strong>\u00a0Verordnung entsprechend, und behalten aktiv unsere Herstellungslizenz nach\u00a0<strong>EN 15085<\/strong>\u00a0f\u00fcr die Produkte f\u00fcr die Eisenbahn. Qualizierungsfirma: T\u00dcV Rheinland.<\/li>\n<li>St\u00e4ndige Kontrolle der Schwei\u00dftechnologie mit Verfahrenspr\u00fcfungen und Pr\u00fcfungen der Schwei\u00dfer laut AD 2000 Merkblatt HP 5\/2 und EN 287-1. Qualifizierungsfirma: T\u00dcV Rheinland<\/li>\n<li>Mechanische Oberfl\u00e4chenpr\u00fcfung und ihre Dokumentation<\/li>\n<li>Pr\u00fcfung des Produktionsplans und der Dokumentation bei Druckgef\u00e4\u00dfen durch \u00e4u\u00dfere Qualifizierungsfirma (T\u00dcV Rheinland)<\/li>\n<li>St\u00e4ndige Kontrolle und Untersuchung der Kontroll-, Mess- und Pr\u00fcfger\u00e4te. (ISO 9001:2015)<\/li>\n<li>Auswahl und Wirtschaftspr\u00fcfung der Lieferanten laut ISO 9001:2015<\/li>\n<li>Qualit\u00e4tssicherungsplan<\/li>\n<li>Fremdwarenkontrolle, Registrierung, Identifizierung von Produkten, Materialien und Verfolgbarkeit (ISO 9001:2015)<\/li>\n<li>Kontrolle w\u00e4hrend der Herstellung, zerst\u00f6rungsfreie Pr\u00fcfung der Schwei\u00dfn\u00e4hte innerhalb des Hauses und durch fremde akkreditierte Firma \u2013 je nach der Natur der Pr\u00fcfung<\/li>\n<li>Behandlung der Unkonformit\u00e4t, Richtigstellung und vorbeugende T\u00e4tigkeit (laut ISO 9001:2015)<\/li>\n<li>Endkontrolle, Druckprobe durchgef\u00fchrt durch externe Qualifizierungsfirma (T\u00dcV Rheinland)<\/li>\n<li>Behandlung, Lagerung, Bestanderhaltung und Auslieferung (laut ISO 9001:2015)<\/li>\n<\/ul>\n<div id=\"certification-icons\"><a class=\"alignleft\" style=\"float: left; margin: 0px; padding: 0px;\" href=\"https:\/\/patent.hu\/en\/download\/tanusitvanyok_-_en\/msz-en-iso-3834-eng.pdf\"><img loading=\"lazy\" decoding=\"async\" class=\"alignleft size-full wp-image-3565\" src=\"https:\/\/patent.hu\/ptnt17\/wp-content\/uploads\/2019\/10\/3834-2-tanusitvany-logo.jpg\" alt=\"\" width=\"64\" height=\"80\" \/><\/a><a class=\"alignleft\" style=\"float: left; margin: 0px; padding: 0px;\" href=\"https:\/\/patent.hu\/de\/download\/tanusitvanyok_-_de\/iso-209001-20gb-20-202019-2022-ge.pdf\"><img loading=\"lazy\" decoding=\"async\" class=\"alignleft size-full wp-image-3566\" src=\"https:\/\/patent.hu\/ptnt17\/wp-content\/uploads\/2019\/10\/9001-tanusitvany-logo.jpg\" alt=\"\" width=\"64\" height=\"80\" \/><\/a><a class=\"alignleft\" style=\"float: left; margin: 0px; padding: 0px;\" href=\"https:\/\/patent.hu\/en\/download\/tanusitvanyok_-_en\/ad-2000-en.pdf\"><img loading=\"lazy\" decoding=\"async\" class=\"alignleft size-full wp-image-3567\" src=\"https:\/\/patent.hu\/ptnt17\/wp-content\/uploads\/2019\/10\/ad-2000-tanusitvany-logo.jpg\" alt=\"\" width=\"64\" height=\"80\" \/><\/a><a class=\"alignleft\" style=\"float: left; margin: 0px; padding: 0px;\" href=\"http:\/\/www.patent.hu\/ptnt17\/wp-content\/uploads\/ped.pdf\"><img loading=\"lazy\" decoding=\"async\" class=\"alignleft size-full wp-image-3562\" src=\"https:\/\/patent.hu\/ptnt17\/wp-content\/uploads\/2019\/10\/ped-tanusitvany-logo.jpg\" alt=\"\" width=\"64\" height=\"80\" \/><\/a><a class=\"alignleft\" style=\"float: left; margin: 0px; padding: 0px;\" href=\"http:\/\/www.patent.hu\/ptnt17\/wp-content\/uploads\/11_94_ikm.pdf\"><img loading=\"lazy\" decoding=\"async\" class=\"alignleft size-full wp-image-3564\" src=\"https:\/\/patent.hu\/ptnt17\/wp-content\/uploads\/2019\/10\/11-94-tanusitvany-logo.jpg\" alt=\"\" width=\"64\" height=\"80\" \/><\/a><a class=\"alignleft\" style=\"float: left; margin: 0px; padding: 0px;\" href=\"http:\/\/www.patent.hu\/ptnt17\/wp-content\/uploads\/3_98_ikim.pdf\"><img loading=\"lazy\" decoding=\"async\" class=\"alignleft size-full wp-image-3563\" src=\"https:\/\/patent.hu\/ptnt17\/wp-content\/uploads\/2019\/10\/3-98-tanusitvany-logo.jpg\" alt=\"\" width=\"64\" height=\"80\" \/><\/a><a class=\"alignleft\" style=\"float: left; margin: 0px; padding: 0px;\" href=\"https:\/\/patent.hu\/de\/download\/tanusitvanyok_-_de\/en-2015085_cl2_2020-ge.pdf\"><img loading=\"lazy\" decoding=\"async\" class=\"alignleft size-full wp-image-3563\" src=\"https:\/\/patent.hu\/ptnt17\/wp-content\/uploads\/EN-15085-2-tanusitvany-logo.jpg\" alt=\"\" width=\"64\" height=\"80\" \/><\/a><\/div>\n","protected":false},"excerpt":{"rendered":"<p>Unsere Firma verf\u00fcgt \u00fcber s\u00e4mtliche Genehmigungen und Zertifikate, die zur Herstellung unserer speziellen Produkte n\u00f6tig sind.: Wir arbeiten auf Grund des Qualit\u00e4tssicherungssystems nach ISO 9001:2015. Wir haben die Firmenqualifikation f\u00fcr Schwei\u00dfkonstruktionen, Druckbeh\u00e4lter und f\u00fcr die Herstellung von Beh\u00e4ltern f\u00fcr Gefanrstoffe laut\u00a0, AD 2000 Merkblatt, und wir d\u00fcrfen fertigen nach G; B1+F und B+F Modul der [&hellip;]<\/p>\n","protected":false},"author":1,"featured_media":0,"parent":0,"menu_order":0,"comment_status":"closed","ping_status":"closed","template":"","meta":{"footnotes":""},"class_list":["post-7907","page","type-page","status-publish","hentry"],"yoast_head":"<!-- This site is optimized with the Yoast SEO plugin v27.2 - https:\/\/yoast.com\/product\/yoast-seo-wordpress\/ -->\n<title>Qualit\u00e4tssicherung - Patent Kft.<\/title>\n<meta name=\"robots\" content=\"index, follow, max-snippet:-1, max-image-preview:large, max-video-preview:-1\" \/>\n<link rel=\"canonical\" href=\"https:\/\/patent.hu\/de\/qualitaetssicherung\/\" \/>\n<meta property=\"og:locale\" content=\"de_DE\" \/>\n<meta property=\"og:type\" content=\"article\" \/>\n<meta property=\"og:title\" content=\"Qualit\u00e4tssicherung - Patent Kft.\" \/>\n<meta property=\"og:description\" content=\"Unsere Firma verf\u00fcgt \u00fcber s\u00e4mtliche Genehmigungen und Zertifikate, die zur Herstellung unserer speziellen Produkte n\u00f6tig sind.: Wir arbeiten auf Grund des Qualit\u00e4tssicherungssystems nach ISO 9001:2015. Wir haben die Firmenqualifikation f\u00fcr Schwei\u00dfkonstruktionen, Druckbeh\u00e4lter und f\u00fcr die Herstellung von Beh\u00e4ltern f\u00fcr Gefanrstoffe laut\u00a0, AD 2000 Merkblatt, und wir d\u00fcrfen fertigen nach G; B1+F und B+F Modul der [&hellip;]\" \/>\n<meta property=\"og:url\" content=\"https:\/\/patent.hu\/de\/qualitaetssicherung\/\" \/>\n<meta property=\"og:site_name\" content=\"Patent Kft.\" \/>\n<meta property=\"article:publisher\" content=\"https:\/\/www.facebook.com\/people\/Patent-Kft\/100066768171896\/?locale=hu_HU\" \/>\n<meta property=\"article:modified_time\" content=\"2023-02-07T22:15:52+00:00\" \/>\n<meta property=\"og:image\" content=\"https:\/\/patent.hu\/ptnt17\/wp-content\/uploads\/2019\/10\/3834-2-tanusitvany-logo.jpg\" \/>\n<meta name=\"twitter:card\" content=\"summary_large_image\" \/>\n<meta name=\"twitter:label1\" content=\"Gesch\u00e4tzte Lesezeit\" \/>\n\t<meta name=\"twitter:data1\" content=\"1\u00a0Minute\" \/>\n<script type=\"application\/ld+json\" class=\"yoast-schema-graph\">{\"@context\":\"https:\/\/schema.org\",\"@graph\":[{\"@type\":\"WebPage\",\"@id\":\"https:\/\/patent.hu\/de\/qualitaetssicherung\/\",\"url\":\"https:\/\/patent.hu\/de\/qualitaetssicherung\/\",\"name\":\"Qualit\u00e4tssicherung - Patent Kft.\",\"isPartOf\":{\"@id\":\"https:\/\/patent.hu\/de\/#website\"},\"primaryImageOfPage\":{\"@id\":\"https:\/\/patent.hu\/de\/qualitaetssicherung\/#primaryimage\"},\"image\":{\"@id\":\"https:\/\/patent.hu\/de\/qualitaetssicherung\/#primaryimage\"},\"thumbnailUrl\":\"https:\/\/patent.hu\/ptnt17\/wp-content\/uploads\/2019\/10\/3834-2-tanusitvany-logo.jpg\",\"datePublished\":\"2023-02-07T14:33:42+00:00\",\"dateModified\":\"2023-02-07T22:15:52+00:00\",\"breadcrumb\":{\"@id\":\"https:\/\/patent.hu\/de\/qualitaetssicherung\/#breadcrumb\"},\"inLanguage\":\"de\",\"potentialAction\":[{\"@type\":\"ReadAction\",\"target\":[\"https:\/\/patent.hu\/de\/qualitaetssicherung\/\"]}]},{\"@type\":\"ImageObject\",\"inLanguage\":\"de\",\"@id\":\"https:\/\/patent.hu\/de\/qualitaetssicherung\/#primaryimage\",\"url\":\"https:\/\/patent.hu\/ptnt17\/wp-content\/uploads\/2019\/10\/3834-2-tanusitvany-logo.jpg\",\"contentUrl\":\"https:\/\/patent.hu\/ptnt17\/wp-content\/uploads\/2019\/10\/3834-2-tanusitvany-logo.jpg\"},{\"@type\":\"BreadcrumbList\",\"@id\":\"https:\/\/patent.hu\/de\/qualitaetssicherung\/#breadcrumb\",\"itemListElement\":[{\"@type\":\"ListItem\",\"position\":1,\"name\":\"Kezd\u0151lap\",\"item\":\"https:\/\/patent.hu\/de\/anfangsseite\/\"},{\"@type\":\"ListItem\",\"position\":2,\"name\":\"Qualit\u00e4tssicherung\"}]},{\"@type\":\"WebSite\",\"@id\":\"https:\/\/patent.hu\/de\/#website\",\"url\":\"https:\/\/patent.hu\/de\/\",\"name\":\"Patent Kft.\",\"description\":\"Ipari Szerel\u0151 \u00e9s Gy\u00e1rt\u00f3 Kft.\",\"publisher\":{\"@id\":\"https:\/\/patent.hu\/de\/#organization\"},\"potentialAction\":[{\"@type\":\"SearchAction\",\"target\":{\"@type\":\"EntryPoint\",\"urlTemplate\":\"https:\/\/patent.hu\/de\/?s={search_term_string}\"},\"query-input\":{\"@type\":\"PropertyValueSpecification\",\"valueRequired\":true,\"valueName\":\"search_term_string\"}}],\"inLanguage\":\"de\"},{\"@type\":\"Organization\",\"@id\":\"https:\/\/patent.hu\/de\/#organization\",\"name\":\"Patent Kft.\",\"url\":\"https:\/\/patent.hu\/de\/\",\"logo\":{\"@type\":\"ImageObject\",\"inLanguage\":\"de\",\"@id\":\"https:\/\/patent.hu\/de\/#\/schema\/logo\/image\/\",\"url\":\"https:\/\/patent.hu\/ptnt17\/wp-content\/uploads\/2019\/10\/patent-content-logo.jpg\",\"contentUrl\":\"https:\/\/patent.hu\/ptnt17\/wp-content\/uploads\/2019\/10\/patent-content-logo.jpg\",\"width\":319,\"height\":139,\"caption\":\"Patent Kft.\"},\"image\":{\"@id\":\"https:\/\/patent.hu\/de\/#\/schema\/logo\/image\/\"},\"sameAs\":[\"https:\/\/www.facebook.com\/people\/Patent-Kft\/100066768171896\/?locale=hu_HU\"]}]}<\/script>\n<!-- \/ Yoast SEO plugin. -->","yoast_head_json":{"title":"Qualit\u00e4tssicherung - Patent Kft.","robots":{"index":"index","follow":"follow","max-snippet":"max-snippet:-1","max-image-preview":"max-image-preview:large","max-video-preview":"max-video-preview:-1"},"canonical":"https:\/\/patent.hu\/de\/qualitaetssicherung\/","og_locale":"de_DE","og_type":"article","og_title":"Qualit\u00e4tssicherung - Patent Kft.","og_description":"Unsere Firma verf\u00fcgt \u00fcber s\u00e4mtliche Genehmigungen und Zertifikate, die zur Herstellung unserer speziellen Produkte n\u00f6tig sind.: Wir arbeiten auf Grund des Qualit\u00e4tssicherungssystems nach ISO 9001:2015. Wir haben die Firmenqualifikation f\u00fcr Schwei\u00dfkonstruktionen, Druckbeh\u00e4lter und f\u00fcr die Herstellung von Beh\u00e4ltern f\u00fcr Gefanrstoffe laut\u00a0, AD 2000 Merkblatt, und wir d\u00fcrfen fertigen nach G; B1+F und B+F Modul der [&hellip;]","og_url":"https:\/\/patent.hu\/de\/qualitaetssicherung\/","og_site_name":"Patent Kft.","article_publisher":"https:\/\/www.facebook.com\/people\/Patent-Kft\/100066768171896\/?locale=hu_HU","article_modified_time":"2023-02-07T22:15:52+00:00","og_image":[{"url":"https:\/\/patent.hu\/ptnt17\/wp-content\/uploads\/2019\/10\/3834-2-tanusitvany-logo.jpg","type":"","width":"","height":""}],"twitter_card":"summary_large_image","twitter_misc":{"Gesch\u00e4tzte Lesezeit":"1\u00a0Minute"},"schema":{"@context":"https:\/\/schema.org","@graph":[{"@type":"WebPage","@id":"https:\/\/patent.hu\/de\/qualitaetssicherung\/","url":"https:\/\/patent.hu\/de\/qualitaetssicherung\/","name":"Qualit\u00e4tssicherung - Patent Kft.","isPartOf":{"@id":"https:\/\/patent.hu\/de\/#website"},"primaryImageOfPage":{"@id":"https:\/\/patent.hu\/de\/qualitaetssicherung\/#primaryimage"},"image":{"@id":"https:\/\/patent.hu\/de\/qualitaetssicherung\/#primaryimage"},"thumbnailUrl":"https:\/\/patent.hu\/ptnt17\/wp-content\/uploads\/2019\/10\/3834-2-tanusitvany-logo.jpg","datePublished":"2023-02-07T14:33:42+00:00","dateModified":"2023-02-07T22:15:52+00:00","breadcrumb":{"@id":"https:\/\/patent.hu\/de\/qualitaetssicherung\/#breadcrumb"},"inLanguage":"de","potentialAction":[{"@type":"ReadAction","target":["https:\/\/patent.hu\/de\/qualitaetssicherung\/"]}]},{"@type":"ImageObject","inLanguage":"de","@id":"https:\/\/patent.hu\/de\/qualitaetssicherung\/#primaryimage","url":"https:\/\/patent.hu\/ptnt17\/wp-content\/uploads\/2019\/10\/3834-2-tanusitvany-logo.jpg","contentUrl":"https:\/\/patent.hu\/ptnt17\/wp-content\/uploads\/2019\/10\/3834-2-tanusitvany-logo.jpg"},{"@type":"BreadcrumbList","@id":"https:\/\/patent.hu\/de\/qualitaetssicherung\/#breadcrumb","itemListElement":[{"@type":"ListItem","position":1,"name":"Kezd\u0151lap","item":"https:\/\/patent.hu\/de\/anfangsseite\/"},{"@type":"ListItem","position":2,"name":"Qualit\u00e4tssicherung"}]},{"@type":"WebSite","@id":"https:\/\/patent.hu\/de\/#website","url":"https:\/\/patent.hu\/de\/","name":"Patent Kft.","description":"Ipari Szerel\u0151 \u00e9s Gy\u00e1rt\u00f3 Kft.","publisher":{"@id":"https:\/\/patent.hu\/de\/#organization"},"potentialAction":[{"@type":"SearchAction","target":{"@type":"EntryPoint","urlTemplate":"https:\/\/patent.hu\/de\/?s={search_term_string}"},"query-input":{"@type":"PropertyValueSpecification","valueRequired":true,"valueName":"search_term_string"}}],"inLanguage":"de"},{"@type":"Organization","@id":"https:\/\/patent.hu\/de\/#organization","name":"Patent Kft.","url":"https:\/\/patent.hu\/de\/","logo":{"@type":"ImageObject","inLanguage":"de","@id":"https:\/\/patent.hu\/de\/#\/schema\/logo\/image\/","url":"https:\/\/patent.hu\/ptnt17\/wp-content\/uploads\/2019\/10\/patent-content-logo.jpg","contentUrl":"https:\/\/patent.hu\/ptnt17\/wp-content\/uploads\/2019\/10\/patent-content-logo.jpg","width":319,"height":139,"caption":"Patent Kft."},"image":{"@id":"https:\/\/patent.hu\/de\/#\/schema\/logo\/image\/"},"sameAs":["https:\/\/www.facebook.com\/people\/Patent-Kft\/100066768171896\/?locale=hu_HU"]}]}},"_links":{"self":[{"href":"https:\/\/patent.hu\/de\/wp-json\/wp\/v2\/pages\/7907","targetHints":{"allow":["GET"]}}],"collection":[{"href":"https:\/\/patent.hu\/de\/wp-json\/wp\/v2\/pages"}],"about":[{"href":"https:\/\/patent.hu\/de\/wp-json\/wp\/v2\/types\/page"}],"author":[{"embeddable":true,"href":"https:\/\/patent.hu\/de\/wp-json\/wp\/v2\/users\/1"}],"replies":[{"embeddable":true,"href":"https:\/\/patent.hu\/de\/wp-json\/wp\/v2\/comments?post=7907"}],"version-history":[{"count":3,"href":"https:\/\/patent.hu\/de\/wp-json\/wp\/v2\/pages\/7907\/revisions"}],"predecessor-version":[{"id":7972,"href":"https:\/\/patent.hu\/de\/wp-json\/wp\/v2\/pages\/7907\/revisions\/7972"}],"wp:attachment":[{"href":"https:\/\/patent.hu\/de\/wp-json\/wp\/v2\/media?parent=7907"}],"curies":[{"name":"wp","href":"https:\/\/api.w.org\/{rel}","templated":true}]}}