{"id":7921,"date":"2023-02-07T14:23:03","date_gmt":"2023-02-07T14:23:03","guid":{"rendered":"https:\/\/patent.hu\/kivitelezes\/"},"modified":"2023-02-07T22:03:28","modified_gmt":"2023-02-07T22:03:28","slug":"ausfuehrung","status":"publish","type":"page","link":"https:\/\/patent.hu\/de\/ausfuehrung\/","title":{"rendered":"Ausf\u00fchrung"},"content":{"rendered":"<p>Wir haben schon 50 l und auch 3600 m3 Beh\u00e4lter gefertigt, die meisten unserer Produkte k\u00f6nnen aber in die Reihe von 0,1 m3 bis zu dem Rauminhalt eingestuft werden, der im Stra\u00dfeng\u00fcterverkehr noch genehmigungspflichtig transportiert werden darf. Also die Gr\u00f6\u00dfe der Produkte, die in unserem Betrieb hergestellt werden k\u00f6nnen, sind nur durch den Lkw-Transport begrenzt.<\/p>\n<p dir=\"ltr\">Wir unternehmen auch die Vor-Ort-Fertigung von Beh\u00e4ltern und verf\u00fcgen \u00fcber bedeutende Referenzen auch auf diesem Gebiet.<\/p>\n<p dir=\"ltr\">W\u00e4hrend der Fertigung schenken wir maximale Aufmerksamkeit der Erf\u00fcllung der besonderen Anforderungen des gegebenen Industriezweiges. W\u00e4hrend der Fertigung sichern unsere Ingenieure die glatte Abwicklung der Projekte durch st\u00e4ndige Kontakthaltung.<\/p>\n<p dir=\"ltr\">Sowohl auf dem Innlandmarkt als auch einzig in der Region verf\u00fcgen wir innerhalb unseres Hauses \u00fcber s\u00e4mtliche Produktionsverfahren, Werkzeugmaschinen und Vorrichtungen f\u00fcr die Fertigung der technologischen Anlagen.<\/p>\n<p dir=\"ltr\">\u00a0In den letzten Zeiten erhob sich der Anspruch seitens mehrerer unserer Partner auf die Fertigung von Beh\u00e4ltern aus Hastelloy oder aus sonstigen Nickellegierungen, wegen der Festigkeits- und W\u00e4rmebest\u00e4ndigkeitseigenschaften dieser Werkstoffe.<\/p>\n<h5 dir=\"ltr\" style=\"margin-bottom: 20px;\">Oberfl\u00e4chenbehandlung<\/h5>\n<p dir=\"ltr\">Das Schleifen und Polieren unserer Produkte erfolgt innen und au\u00dfen durch spezielle Maschinen entsprechend den Anforderungen unserer Kunden.<\/p>\n<p dir=\"ltr\">Die Beizung und Passivierung der Oberfl\u00e4chen von rostfreien St\u00e4hlen erfolgt durch die modernsten Technologien in einer modernen, den Umweltschutzregelungen entsprechenden Einrichtung.<\/p>\n","protected":false},"excerpt":{"rendered":"<p>Wir haben schon 50 l und auch 3600 m3 Beh\u00e4lter gefertigt, die meisten unserer Produkte k\u00f6nnen aber in die Reihe von 0,1 m3 bis zu dem Rauminhalt eingestuft werden, der im Stra\u00dfeng\u00fcterverkehr noch genehmigungspflichtig transportiert werden darf. Also die Gr\u00f6\u00dfe der Produkte, die in unserem Betrieb hergestellt werden k\u00f6nnen, sind nur durch den Lkw-Transport begrenzt. [&hellip;]<\/p>\n","protected":false},"author":1,"featured_media":0,"parent":0,"menu_order":0,"comment_status":"closed","ping_status":"closed","template":"","meta":{"footnotes":""},"class_list":["post-7921","page","type-page","status-publish","hentry"],"yoast_head":"<!-- This site is optimized with the Yoast SEO plugin v27.2 - https:\/\/yoast.com\/product\/yoast-seo-wordpress\/ -->\n<title>Ausf\u00fchrung - Patent Kft.<\/title>\n<meta name=\"robots\" content=\"index, follow, max-snippet:-1, max-image-preview:large, max-video-preview:-1\" \/>\n<link rel=\"canonical\" href=\"https:\/\/patent.hu\/de\/ausfuehrung\/\" \/>\n<meta property=\"og:locale\" content=\"de_DE\" \/>\n<meta property=\"og:type\" content=\"article\" \/>\n<meta property=\"og:title\" content=\"Ausf\u00fchrung - Patent Kft.\" \/>\n<meta property=\"og:description\" content=\"Wir haben schon 50 l und auch 3600 m3 Beh\u00e4lter gefertigt, die meisten unserer Produkte k\u00f6nnen aber in die Reihe von 0,1 m3 bis zu dem Rauminhalt eingestuft werden, der im Stra\u00dfeng\u00fcterverkehr noch genehmigungspflichtig transportiert werden darf. Also die Gr\u00f6\u00dfe der Produkte, die in unserem Betrieb hergestellt werden k\u00f6nnen, sind nur durch den Lkw-Transport begrenzt. [&hellip;]\" \/>\n<meta property=\"og:url\" content=\"https:\/\/patent.hu\/de\/ausfuehrung\/\" \/>\n<meta property=\"og:site_name\" content=\"Patent Kft.\" \/>\n<meta property=\"article:publisher\" content=\"https:\/\/www.facebook.com\/people\/Patent-Kft\/100066768171896\/?locale=hu_HU\" \/>\n<meta property=\"article:modified_time\" content=\"2023-02-07T22:03:28+00:00\" \/>\n<meta name=\"twitter:card\" content=\"summary_large_image\" \/>\n<meta name=\"twitter:label1\" content=\"Gesch\u00e4tzte Lesezeit\" \/>\n\t<meta name=\"twitter:data1\" content=\"1\u00a0Minute\" \/>\n<script type=\"application\/ld+json\" class=\"yoast-schema-graph\">{\"@context\":\"https:\/\/schema.org\",\"@graph\":[{\"@type\":\"WebPage\",\"@id\":\"https:\/\/patent.hu\/de\/ausfuehrung\/\",\"url\":\"https:\/\/patent.hu\/de\/ausfuehrung\/\",\"name\":\"Ausf\u00fchrung - Patent Kft.\",\"isPartOf\":{\"@id\":\"https:\/\/patent.hu\/de\/#website\"},\"datePublished\":\"2023-02-07T14:23:03+00:00\",\"dateModified\":\"2023-02-07T22:03:28+00:00\",\"breadcrumb\":{\"@id\":\"https:\/\/patent.hu\/de\/ausfuehrung\/#breadcrumb\"},\"inLanguage\":\"de\",\"potentialAction\":[{\"@type\":\"ReadAction\",\"target\":[\"https:\/\/patent.hu\/de\/ausfuehrung\/\"]}]},{\"@type\":\"BreadcrumbList\",\"@id\":\"https:\/\/patent.hu\/de\/ausfuehrung\/#breadcrumb\",\"itemListElement\":[{\"@type\":\"ListItem\",\"position\":1,\"name\":\"Kezd\u0151lap\",\"item\":\"https:\/\/patent.hu\/de\/anfangsseite\/\"},{\"@type\":\"ListItem\",\"position\":2,\"name\":\"Ausf\u00fchrung\"}]},{\"@type\":\"WebSite\",\"@id\":\"https:\/\/patent.hu\/de\/#website\",\"url\":\"https:\/\/patent.hu\/de\/\",\"name\":\"Patent Kft.\",\"description\":\"Ipari Szerel\u0151 \u00e9s Gy\u00e1rt\u00f3 Kft.\",\"publisher\":{\"@id\":\"https:\/\/patent.hu\/de\/#organization\"},\"potentialAction\":[{\"@type\":\"SearchAction\",\"target\":{\"@type\":\"EntryPoint\",\"urlTemplate\":\"https:\/\/patent.hu\/de\/?s={search_term_string}\"},\"query-input\":{\"@type\":\"PropertyValueSpecification\",\"valueRequired\":true,\"valueName\":\"search_term_string\"}}],\"inLanguage\":\"de\"},{\"@type\":\"Organization\",\"@id\":\"https:\/\/patent.hu\/de\/#organization\",\"name\":\"Patent Kft.\",\"url\":\"https:\/\/patent.hu\/de\/\",\"logo\":{\"@type\":\"ImageObject\",\"inLanguage\":\"de\",\"@id\":\"https:\/\/patent.hu\/de\/#\/schema\/logo\/image\/\",\"url\":\"https:\/\/patent.hu\/ptnt17\/wp-content\/uploads\/2019\/10\/patent-content-logo.jpg\",\"contentUrl\":\"https:\/\/patent.hu\/ptnt17\/wp-content\/uploads\/2019\/10\/patent-content-logo.jpg\",\"width\":319,\"height\":139,\"caption\":\"Patent Kft.\"},\"image\":{\"@id\":\"https:\/\/patent.hu\/de\/#\/schema\/logo\/image\/\"},\"sameAs\":[\"https:\/\/www.facebook.com\/people\/Patent-Kft\/100066768171896\/?locale=hu_HU\"]}]}<\/script>\n<!-- \/ Yoast SEO plugin. -->","yoast_head_json":{"title":"Ausf\u00fchrung - Patent Kft.","robots":{"index":"index","follow":"follow","max-snippet":"max-snippet:-1","max-image-preview":"max-image-preview:large","max-video-preview":"max-video-preview:-1"},"canonical":"https:\/\/patent.hu\/de\/ausfuehrung\/","og_locale":"de_DE","og_type":"article","og_title":"Ausf\u00fchrung - Patent Kft.","og_description":"Wir haben schon 50 l und auch 3600 m3 Beh\u00e4lter gefertigt, die meisten unserer Produkte k\u00f6nnen aber in die Reihe von 0,1 m3 bis zu dem Rauminhalt eingestuft werden, der im Stra\u00dfeng\u00fcterverkehr noch genehmigungspflichtig transportiert werden darf. Also die Gr\u00f6\u00dfe der Produkte, die in unserem Betrieb hergestellt werden k\u00f6nnen, sind nur durch den Lkw-Transport begrenzt. [&hellip;]","og_url":"https:\/\/patent.hu\/de\/ausfuehrung\/","og_site_name":"Patent Kft.","article_publisher":"https:\/\/www.facebook.com\/people\/Patent-Kft\/100066768171896\/?locale=hu_HU","article_modified_time":"2023-02-07T22:03:28+00:00","twitter_card":"summary_large_image","twitter_misc":{"Gesch\u00e4tzte Lesezeit":"1\u00a0Minute"},"schema":{"@context":"https:\/\/schema.org","@graph":[{"@type":"WebPage","@id":"https:\/\/patent.hu\/de\/ausfuehrung\/","url":"https:\/\/patent.hu\/de\/ausfuehrung\/","name":"Ausf\u00fchrung - Patent Kft.","isPartOf":{"@id":"https:\/\/patent.hu\/de\/#website"},"datePublished":"2023-02-07T14:23:03+00:00","dateModified":"2023-02-07T22:03:28+00:00","breadcrumb":{"@id":"https:\/\/patent.hu\/de\/ausfuehrung\/#breadcrumb"},"inLanguage":"de","potentialAction":[{"@type":"ReadAction","target":["https:\/\/patent.hu\/de\/ausfuehrung\/"]}]},{"@type":"BreadcrumbList","@id":"https:\/\/patent.hu\/de\/ausfuehrung\/#breadcrumb","itemListElement":[{"@type":"ListItem","position":1,"name":"Kezd\u0151lap","item":"https:\/\/patent.hu\/de\/anfangsseite\/"},{"@type":"ListItem","position":2,"name":"Ausf\u00fchrung"}]},{"@type":"WebSite","@id":"https:\/\/patent.hu\/de\/#website","url":"https:\/\/patent.hu\/de\/","name":"Patent Kft.","description":"Ipari Szerel\u0151 \u00e9s Gy\u00e1rt\u00f3 Kft.","publisher":{"@id":"https:\/\/patent.hu\/de\/#organization"},"potentialAction":[{"@type":"SearchAction","target":{"@type":"EntryPoint","urlTemplate":"https:\/\/patent.hu\/de\/?s={search_term_string}"},"query-input":{"@type":"PropertyValueSpecification","valueRequired":true,"valueName":"search_term_string"}}],"inLanguage":"de"},{"@type":"Organization","@id":"https:\/\/patent.hu\/de\/#organization","name":"Patent Kft.","url":"https:\/\/patent.hu\/de\/","logo":{"@type":"ImageObject","inLanguage":"de","@id":"https:\/\/patent.hu\/de\/#\/schema\/logo\/image\/","url":"https:\/\/patent.hu\/ptnt17\/wp-content\/uploads\/2019\/10\/patent-content-logo.jpg","contentUrl":"https:\/\/patent.hu\/ptnt17\/wp-content\/uploads\/2019\/10\/patent-content-logo.jpg","width":319,"height":139,"caption":"Patent Kft."},"image":{"@id":"https:\/\/patent.hu\/de\/#\/schema\/logo\/image\/"},"sameAs":["https:\/\/www.facebook.com\/people\/Patent-Kft\/100066768171896\/?locale=hu_HU"]}]}},"_links":{"self":[{"href":"https:\/\/patent.hu\/de\/wp-json\/wp\/v2\/pages\/7921","targetHints":{"allow":["GET"]}}],"collection":[{"href":"https:\/\/patent.hu\/de\/wp-json\/wp\/v2\/pages"}],"about":[{"href":"https:\/\/patent.hu\/de\/wp-json\/wp\/v2\/types\/page"}],"author":[{"embeddable":true,"href":"https:\/\/patent.hu\/de\/wp-json\/wp\/v2\/users\/1"}],"replies":[{"embeddable":true,"href":"https:\/\/patent.hu\/de\/wp-json\/wp\/v2\/comments?post=7921"}],"version-history":[{"count":3,"href":"https:\/\/patent.hu\/de\/wp-json\/wp\/v2\/pages\/7921\/revisions"}],"predecessor-version":[{"id":7962,"href":"https:\/\/patent.hu\/de\/wp-json\/wp\/v2\/pages\/7921\/revisions\/7962"}],"wp:attachment":[{"href":"https:\/\/patent.hu\/de\/wp-json\/wp\/v2\/media?parent=7921"}],"curies":[{"name":"wp","href":"https:\/\/api.w.org\/{rel}","templated":true}]}}