{"id":7925,"date":"2023-02-07T14:13:48","date_gmt":"2023-02-07T14:13:48","guid":{"rendered":"https:\/\/patent.hu\/tervezes\/"},"modified":"2023-02-07T21:58:34","modified_gmt":"2023-02-07T21:58:34","slug":"planung","status":"publish","type":"page","link":"https:\/\/patent.hu\/de\/planung\/","title":{"rendered":"Planung"},"content":{"rendered":"<p dir=\"ltr\">Im Besitz der Spezifikation\/technischen Beschreibung bieten wir eine umfangreiche Konstruktionsarbeit zusammen mit der Festigkeitsberechnung. Dem elektronischen Datenwechsel zufolge ist keine h\u00e4ufige pers\u00f6nliche Abstimmung w\u00e4hrend der Konstruktionsarbeit notwendig.<\/p>\n<h5 dir=\"ltr\" style=\"margin-bottom: 20px;\">Einige Daten:<\/h5>\n<table>\n<tbody>\n<tr>\n<td width=\"50%\">Computergest\u00fctzte Konstruktionsarbeit \u2013 Solid modeling &amp; drafting:<\/td>\n<td width=\"50%\">AUTOCAD<\/td>\n<\/tr>\n<tr>\n<td>Testmodellierung \u2013 Solid modeling:<\/td>\n<td>AUTOCAD INVENTOR<\/td>\n<\/tr>\n<tr>\n<td>Blechmodellierung \u2013 Sheetmetal modeling:<\/td>\n<td>AUTOCAD INVENTOR<\/td>\n<\/tr>\n<tr>\n<td>PED Registration:<\/td>\n<td>T\u00dcV Rheinland<\/td>\n<\/tr>\n<tr>\n<td>Festigkeitsberechnungen \u2013 Code calculations:<\/td>\n<td>AD2000 EN13445 API65011\/1994 (III.25) IKM PED 97\/23\/EC \u2013 European Pressure Equipment Directive (CE marking)<\/td>\n<\/tr>\n<\/tbody>\n<\/table>\n<div class=\"flex_column av_one_half\">\n<h5 style=\"margin-bottom: 10px;\">Wir f\u00fchren Konstruktionsarbeiten haupts\u00e4chlich auf den folgenden Gebieten durch:<\/h5>\n<ul>\n<li>Vertikale Druckgef\u00e4\u00dfe<\/li>\n<li>Horizontale Druckgef\u00e4\u00dfe<\/li>\n<li>Reaktoren<\/li>\n<li>W\u00e4rmeaustauscher<\/li>\n<li>Lagerbeh\u00e4lter<\/li>\n<\/ul>\n<\/div>\n<div class=\"flex_column av_one_half avia-builder-el-last\">\n<h5 style=\"margin-bottom: 10px;\">Die wichtigsten kennzeichnenden Merkmale unserer Konstruktionsarbeit:<\/h5>\n<ul>\n<li>Pr\u00e4zision<\/li>\n<li>st\u00e4ndige Konsultation mit dem Kunden<\/li>\n<li>Flexibilit\u00e4t<\/li>\n<li>Teamarbeit<\/li>\n<li>Kostenwirksamkeit<\/li>\n<\/ul>\n<\/div>\n<p class=\"tab-design-last-sent\" style=\"clear: both;\">Die Konstruktionsarbeit kann in zwei oder in drei Dimensionen erfolgen.<\/p>\n","protected":false},"excerpt":{"rendered":"<p>Im Besitz der Spezifikation\/technischen Beschreibung bieten wir eine umfangreiche Konstruktionsarbeit zusammen mit der Festigkeitsberechnung. Dem elektronischen Datenwechsel zufolge ist keine h\u00e4ufige pers\u00f6nliche Abstimmung w\u00e4hrend der Konstruktionsarbeit notwendig. Einige Daten: Computergest\u00fctzte Konstruktionsarbeit \u2013 Solid modeling &amp; drafting: AUTOCAD Testmodellierung \u2013 Solid modeling: AUTOCAD INVENTOR Blechmodellierung \u2013 Sheetmetal modeling: AUTOCAD INVENTOR PED Registration: T\u00dcV Rheinland Festigkeitsberechnungen \u2013 [&hellip;]<\/p>\n","protected":false},"author":1,"featured_media":0,"parent":0,"menu_order":0,"comment_status":"closed","ping_status":"closed","template":"","meta":{"footnotes":""},"class_list":["post-7925","page","type-page","status-publish","hentry"],"yoast_head":"<!-- This site is optimized with the Yoast SEO plugin v27.2 - https:\/\/yoast.com\/product\/yoast-seo-wordpress\/ -->\n<title>Planung - Patent Kft.<\/title>\n<meta name=\"robots\" content=\"index, follow, max-snippet:-1, max-image-preview:large, max-video-preview:-1\" \/>\n<link rel=\"canonical\" href=\"https:\/\/patent.hu\/de\/planung\/\" \/>\n<meta property=\"og:locale\" content=\"de_DE\" \/>\n<meta property=\"og:type\" content=\"article\" \/>\n<meta property=\"og:title\" content=\"Planung - Patent Kft.\" \/>\n<meta property=\"og:description\" content=\"Im Besitz der Spezifikation\/technischen Beschreibung bieten wir eine umfangreiche Konstruktionsarbeit zusammen mit der Festigkeitsberechnung. Dem elektronischen Datenwechsel zufolge ist keine h\u00e4ufige pers\u00f6nliche Abstimmung w\u00e4hrend der Konstruktionsarbeit notwendig. Einige Daten: Computergest\u00fctzte Konstruktionsarbeit \u2013 Solid modeling &amp; drafting: AUTOCAD Testmodellierung \u2013 Solid modeling: AUTOCAD INVENTOR Blechmodellierung \u2013 Sheetmetal modeling: AUTOCAD INVENTOR PED Registration: T\u00dcV Rheinland Festigkeitsberechnungen \u2013 [&hellip;]\" \/>\n<meta property=\"og:url\" content=\"https:\/\/patent.hu\/de\/planung\/\" \/>\n<meta property=\"og:site_name\" content=\"Patent Kft.\" \/>\n<meta property=\"article:publisher\" content=\"https:\/\/www.facebook.com\/people\/Patent-Kft\/100066768171896\/?locale=hu_HU\" \/>\n<meta property=\"article:modified_time\" content=\"2023-02-07T21:58:34+00:00\" \/>\n<meta name=\"twitter:card\" content=\"summary_large_image\" \/>\n<meta name=\"twitter:label1\" content=\"Gesch\u00e4tzte Lesezeit\" \/>\n\t<meta name=\"twitter:data1\" content=\"1\u00a0Minute\" \/>\n<script type=\"application\/ld+json\" class=\"yoast-schema-graph\">{\"@context\":\"https:\/\/schema.org\",\"@graph\":[{\"@type\":\"WebPage\",\"@id\":\"https:\/\/patent.hu\/de\/planung\/\",\"url\":\"https:\/\/patent.hu\/de\/planung\/\",\"name\":\"Planung - Patent Kft.\",\"isPartOf\":{\"@id\":\"https:\/\/patent.hu\/de\/#website\"},\"datePublished\":\"2023-02-07T14:13:48+00:00\",\"dateModified\":\"2023-02-07T21:58:34+00:00\",\"breadcrumb\":{\"@id\":\"https:\/\/patent.hu\/de\/planung\/#breadcrumb\"},\"inLanguage\":\"de\",\"potentialAction\":[{\"@type\":\"ReadAction\",\"target\":[\"https:\/\/patent.hu\/de\/planung\/\"]}]},{\"@type\":\"BreadcrumbList\",\"@id\":\"https:\/\/patent.hu\/de\/planung\/#breadcrumb\",\"itemListElement\":[{\"@type\":\"ListItem\",\"position\":1,\"name\":\"Kezd\u0151lap\",\"item\":\"https:\/\/patent.hu\/de\/anfangsseite\/\"},{\"@type\":\"ListItem\",\"position\":2,\"name\":\"Planung\"}]},{\"@type\":\"WebSite\",\"@id\":\"https:\/\/patent.hu\/de\/#website\",\"url\":\"https:\/\/patent.hu\/de\/\",\"name\":\"Patent Kft.\",\"description\":\"Ipari Szerel\u0151 \u00e9s Gy\u00e1rt\u00f3 Kft.\",\"publisher\":{\"@id\":\"https:\/\/patent.hu\/de\/#organization\"},\"potentialAction\":[{\"@type\":\"SearchAction\",\"target\":{\"@type\":\"EntryPoint\",\"urlTemplate\":\"https:\/\/patent.hu\/de\/?s={search_term_string}\"},\"query-input\":{\"@type\":\"PropertyValueSpecification\",\"valueRequired\":true,\"valueName\":\"search_term_string\"}}],\"inLanguage\":\"de\"},{\"@type\":\"Organization\",\"@id\":\"https:\/\/patent.hu\/de\/#organization\",\"name\":\"Patent Kft.\",\"url\":\"https:\/\/patent.hu\/de\/\",\"logo\":{\"@type\":\"ImageObject\",\"inLanguage\":\"de\",\"@id\":\"https:\/\/patent.hu\/de\/#\/schema\/logo\/image\/\",\"url\":\"https:\/\/patent.hu\/ptnt17\/wp-content\/uploads\/2019\/10\/patent-content-logo.jpg\",\"contentUrl\":\"https:\/\/patent.hu\/ptnt17\/wp-content\/uploads\/2019\/10\/patent-content-logo.jpg\",\"width\":319,\"height\":139,\"caption\":\"Patent Kft.\"},\"image\":{\"@id\":\"https:\/\/patent.hu\/de\/#\/schema\/logo\/image\/\"},\"sameAs\":[\"https:\/\/www.facebook.com\/people\/Patent-Kft\/100066768171896\/?locale=hu_HU\"]}]}<\/script>\n<!-- \/ Yoast SEO plugin. -->","yoast_head_json":{"title":"Planung - Patent Kft.","robots":{"index":"index","follow":"follow","max-snippet":"max-snippet:-1","max-image-preview":"max-image-preview:large","max-video-preview":"max-video-preview:-1"},"canonical":"https:\/\/patent.hu\/de\/planung\/","og_locale":"de_DE","og_type":"article","og_title":"Planung - Patent Kft.","og_description":"Im Besitz der Spezifikation\/technischen Beschreibung bieten wir eine umfangreiche Konstruktionsarbeit zusammen mit der Festigkeitsberechnung. Dem elektronischen Datenwechsel zufolge ist keine h\u00e4ufige pers\u00f6nliche Abstimmung w\u00e4hrend der Konstruktionsarbeit notwendig. Einige Daten: Computergest\u00fctzte Konstruktionsarbeit \u2013 Solid modeling &amp; drafting: AUTOCAD Testmodellierung \u2013 Solid modeling: AUTOCAD INVENTOR Blechmodellierung \u2013 Sheetmetal modeling: AUTOCAD INVENTOR PED Registration: T\u00dcV Rheinland Festigkeitsberechnungen \u2013 [&hellip;]","og_url":"https:\/\/patent.hu\/de\/planung\/","og_site_name":"Patent Kft.","article_publisher":"https:\/\/www.facebook.com\/people\/Patent-Kft\/100066768171896\/?locale=hu_HU","article_modified_time":"2023-02-07T21:58:34+00:00","twitter_card":"summary_large_image","twitter_misc":{"Gesch\u00e4tzte Lesezeit":"1\u00a0Minute"},"schema":{"@context":"https:\/\/schema.org","@graph":[{"@type":"WebPage","@id":"https:\/\/patent.hu\/de\/planung\/","url":"https:\/\/patent.hu\/de\/planung\/","name":"Planung - Patent Kft.","isPartOf":{"@id":"https:\/\/patent.hu\/de\/#website"},"datePublished":"2023-02-07T14:13:48+00:00","dateModified":"2023-02-07T21:58:34+00:00","breadcrumb":{"@id":"https:\/\/patent.hu\/de\/planung\/#breadcrumb"},"inLanguage":"de","potentialAction":[{"@type":"ReadAction","target":["https:\/\/patent.hu\/de\/planung\/"]}]},{"@type":"BreadcrumbList","@id":"https:\/\/patent.hu\/de\/planung\/#breadcrumb","itemListElement":[{"@type":"ListItem","position":1,"name":"Kezd\u0151lap","item":"https:\/\/patent.hu\/de\/anfangsseite\/"},{"@type":"ListItem","position":2,"name":"Planung"}]},{"@type":"WebSite","@id":"https:\/\/patent.hu\/de\/#website","url":"https:\/\/patent.hu\/de\/","name":"Patent Kft.","description":"Ipari Szerel\u0151 \u00e9s Gy\u00e1rt\u00f3 Kft.","publisher":{"@id":"https:\/\/patent.hu\/de\/#organization"},"potentialAction":[{"@type":"SearchAction","target":{"@type":"EntryPoint","urlTemplate":"https:\/\/patent.hu\/de\/?s={search_term_string}"},"query-input":{"@type":"PropertyValueSpecification","valueRequired":true,"valueName":"search_term_string"}}],"inLanguage":"de"},{"@type":"Organization","@id":"https:\/\/patent.hu\/de\/#organization","name":"Patent Kft.","url":"https:\/\/patent.hu\/de\/","logo":{"@type":"ImageObject","inLanguage":"de","@id":"https:\/\/patent.hu\/de\/#\/schema\/logo\/image\/","url":"https:\/\/patent.hu\/ptnt17\/wp-content\/uploads\/2019\/10\/patent-content-logo.jpg","contentUrl":"https:\/\/patent.hu\/ptnt17\/wp-content\/uploads\/2019\/10\/patent-content-logo.jpg","width":319,"height":139,"caption":"Patent Kft."},"image":{"@id":"https:\/\/patent.hu\/de\/#\/schema\/logo\/image\/"},"sameAs":["https:\/\/www.facebook.com\/people\/Patent-Kft\/100066768171896\/?locale=hu_HU"]}]}},"_links":{"self":[{"href":"https:\/\/patent.hu\/de\/wp-json\/wp\/v2\/pages\/7925","targetHints":{"allow":["GET"]}}],"collection":[{"href":"https:\/\/patent.hu\/de\/wp-json\/wp\/v2\/pages"}],"about":[{"href":"https:\/\/patent.hu\/de\/wp-json\/wp\/v2\/types\/page"}],"author":[{"embeddable":true,"href":"https:\/\/patent.hu\/de\/wp-json\/wp\/v2\/users\/1"}],"replies":[{"embeddable":true,"href":"https:\/\/patent.hu\/de\/wp-json\/wp\/v2\/comments?post=7925"}],"version-history":[{"count":3,"href":"https:\/\/patent.hu\/de\/wp-json\/wp\/v2\/pages\/7925\/revisions"}],"predecessor-version":[{"id":7958,"href":"https:\/\/patent.hu\/de\/wp-json\/wp\/v2\/pages\/7925\/revisions\/7958"}],"wp:attachment":[{"href":"https:\/\/patent.hu\/de\/wp-json\/wp\/v2\/media?parent=7925"}],"curies":[{"name":"wp","href":"https:\/\/api.w.org\/{rel}","templated":true}]}}