{"id":7903,"date":"2023-02-07T14:36:17","date_gmt":"2023-02-07T14:36:17","guid":{"rendered":"https:\/\/patent.hu\/dokumentacio-es-garancia\/"},"modified":"2023-02-07T21:43:48","modified_gmt":"2023-02-07T21:43:48","slug":"documentation-and-guarantee","status":"publish","type":"page","link":"https:\/\/patent.hu\/en\/documentation-and-guarantee\/","title":{"rendered":"Documentation and guarantee"},"content":{"rendered":"<p dir=\"ltr\">Our usual pressure vessel documentation is done in line with the modern European standards. In case our client has special requirements, we are preparing the documentation according to these requirements. We can also provide FAT, IQ and OQ documentation.<\/p>\n<p dir=\"ltr\">Currently we can ensure documentation according to the AD2000 and GOST standards or cGMP directive. Our ASME \u201eU\u201d stamp qualification is in progress, hopefully we will have this qualification in the summer of 2014.\u00a0The language of the documentation can be Hungarian, English, German or Russian.<\/p>\n<p dir=\"ltr\">The conditions of the guarantee are greatly depending upon the certain industry branch, we are always trying to fulfill all of our customers\u2019 requirements.<\/p>\n","protected":false},"excerpt":{"rendered":"<p>Our usual pressure vessel documentation is done in line with the modern European standards. In case our client has special requirements, we are preparing the documentation according to these requirements. We can also provide FAT, IQ and OQ documentation. Currently we can ensure documentation according to the AD2000 and GOST standards or cGMP directive. Our [&hellip;]<\/p>\n","protected":false},"author":1,"featured_media":0,"parent":0,"menu_order":0,"comment_status":"closed","ping_status":"closed","template":"","meta":{"footnotes":""},"class_list":["post-7903","page","type-page","status-publish","hentry"],"yoast_head":"<!-- This site is optimized with the Yoast SEO plugin v27.2 - https:\/\/yoast.com\/product\/yoast-seo-wordpress\/ -->\n<title>Documentation and guarantee - Patent Kft.<\/title>\n<meta name=\"robots\" content=\"index, follow, max-snippet:-1, max-image-preview:large, max-video-preview:-1\" \/>\n<link rel=\"canonical\" href=\"https:\/\/patent.hu\/en\/documentation-and-guarantee\/\" \/>\n<meta property=\"og:locale\" content=\"en_US\" \/>\n<meta property=\"og:type\" content=\"article\" \/>\n<meta property=\"og:title\" content=\"Documentation and guarantee - Patent Kft.\" \/>\n<meta property=\"og:description\" content=\"Our usual pressure vessel documentation is done in line with the modern European standards. In case our client has special requirements, we are preparing the documentation according to these requirements. We can also provide FAT, IQ and OQ documentation. Currently we can ensure documentation according to the AD2000 and GOST standards or cGMP directive. Our [&hellip;]\" \/>\n<meta property=\"og:url\" content=\"https:\/\/patent.hu\/en\/documentation-and-guarantee\/\" \/>\n<meta property=\"og:site_name\" content=\"Patent Kft.\" \/>\n<meta property=\"article:publisher\" content=\"https:\/\/www.facebook.com\/people\/Patent-Kft\/100066768171896\/?locale=hu_HU\" \/>\n<meta property=\"article:modified_time\" content=\"2023-02-07T21:43:48+00:00\" \/>\n<meta name=\"twitter:card\" content=\"summary_large_image\" \/>\n<meta name=\"twitter:label1\" content=\"Est. reading time\" \/>\n\t<meta name=\"twitter:data1\" content=\"1 minute\" \/>\n<script type=\"application\/ld+json\" class=\"yoast-schema-graph\">{\"@context\":\"https:\/\/schema.org\",\"@graph\":[{\"@type\":\"WebPage\",\"@id\":\"https:\/\/patent.hu\/en\/documentation-and-guarantee\/\",\"url\":\"https:\/\/patent.hu\/en\/documentation-and-guarantee\/\",\"name\":\"Documentation and guarantee - Patent Kft.\",\"isPartOf\":{\"@id\":\"https:\/\/patent.hu\/de\/#website\"},\"datePublished\":\"2023-02-07T14:36:17+00:00\",\"dateModified\":\"2023-02-07T21:43:48+00:00\",\"breadcrumb\":{\"@id\":\"https:\/\/patent.hu\/en\/documentation-and-guarantee\/#breadcrumb\"},\"inLanguage\":\"en-US\",\"potentialAction\":[{\"@type\":\"ReadAction\",\"target\":[\"https:\/\/patent.hu\/en\/documentation-and-guarantee\/\"]}]},{\"@type\":\"BreadcrumbList\",\"@id\":\"https:\/\/patent.hu\/en\/documentation-and-guarantee\/#breadcrumb\",\"itemListElement\":[{\"@type\":\"ListItem\",\"position\":1,\"name\":\"Kezd\u0151lap\",\"item\":\"https:\/\/patent.hu\/en\/home\/\"},{\"@type\":\"ListItem\",\"position\":2,\"name\":\"Documentation and guarantee\"}]},{\"@type\":\"WebSite\",\"@id\":\"https:\/\/patent.hu\/de\/#website\",\"url\":\"https:\/\/patent.hu\/de\/\",\"name\":\"Patent Kft.\",\"description\":\"Ipari Szerel\u0151 \u00e9s Gy\u00e1rt\u00f3 Kft.\",\"publisher\":{\"@id\":\"https:\/\/patent.hu\/de\/#organization\"},\"potentialAction\":[{\"@type\":\"SearchAction\",\"target\":{\"@type\":\"EntryPoint\",\"urlTemplate\":\"https:\/\/patent.hu\/de\/?s={search_term_string}\"},\"query-input\":{\"@type\":\"PropertyValueSpecification\",\"valueRequired\":true,\"valueName\":\"search_term_string\"}}],\"inLanguage\":\"en-US\"},{\"@type\":\"Organization\",\"@id\":\"https:\/\/patent.hu\/de\/#organization\",\"name\":\"Patent Kft.\",\"url\":\"https:\/\/patent.hu\/de\/\",\"logo\":{\"@type\":\"ImageObject\",\"inLanguage\":\"en-US\",\"@id\":\"https:\/\/patent.hu\/de\/#\/schema\/logo\/image\/\",\"url\":\"https:\/\/patent.hu\/ptnt17\/wp-content\/uploads\/2019\/10\/patent-content-logo.jpg\",\"contentUrl\":\"https:\/\/patent.hu\/ptnt17\/wp-content\/uploads\/2019\/10\/patent-content-logo.jpg\",\"width\":319,\"height\":139,\"caption\":\"Patent Kft.\"},\"image\":{\"@id\":\"https:\/\/patent.hu\/de\/#\/schema\/logo\/image\/\"},\"sameAs\":[\"https:\/\/www.facebook.com\/people\/Patent-Kft\/100066768171896\/?locale=hu_HU\"]}]}<\/script>\n<!-- \/ Yoast SEO plugin. -->","yoast_head_json":{"title":"Documentation and guarantee - Patent Kft.","robots":{"index":"index","follow":"follow","max-snippet":"max-snippet:-1","max-image-preview":"max-image-preview:large","max-video-preview":"max-video-preview:-1"},"canonical":"https:\/\/patent.hu\/en\/documentation-and-guarantee\/","og_locale":"en_US","og_type":"article","og_title":"Documentation and guarantee - Patent Kft.","og_description":"Our usual pressure vessel documentation is done in line with the modern European standards. In case our client has special requirements, we are preparing the documentation according to these requirements. We can also provide FAT, IQ and OQ documentation. Currently we can ensure documentation according to the AD2000 and GOST standards or cGMP directive. Our [&hellip;]","og_url":"https:\/\/patent.hu\/en\/documentation-and-guarantee\/","og_site_name":"Patent Kft.","article_publisher":"https:\/\/www.facebook.com\/people\/Patent-Kft\/100066768171896\/?locale=hu_HU","article_modified_time":"2023-02-07T21:43:48+00:00","twitter_card":"summary_large_image","twitter_misc":{"Est. reading time":"1 minute"},"schema":{"@context":"https:\/\/schema.org","@graph":[{"@type":"WebPage","@id":"https:\/\/patent.hu\/en\/documentation-and-guarantee\/","url":"https:\/\/patent.hu\/en\/documentation-and-guarantee\/","name":"Documentation and guarantee - Patent Kft.","isPartOf":{"@id":"https:\/\/patent.hu\/de\/#website"},"datePublished":"2023-02-07T14:36:17+00:00","dateModified":"2023-02-07T21:43:48+00:00","breadcrumb":{"@id":"https:\/\/patent.hu\/en\/documentation-and-guarantee\/#breadcrumb"},"inLanguage":"en-US","potentialAction":[{"@type":"ReadAction","target":["https:\/\/patent.hu\/en\/documentation-and-guarantee\/"]}]},{"@type":"BreadcrumbList","@id":"https:\/\/patent.hu\/en\/documentation-and-guarantee\/#breadcrumb","itemListElement":[{"@type":"ListItem","position":1,"name":"Kezd\u0151lap","item":"https:\/\/patent.hu\/en\/home\/"},{"@type":"ListItem","position":2,"name":"Documentation and guarantee"}]},{"@type":"WebSite","@id":"https:\/\/patent.hu\/de\/#website","url":"https:\/\/patent.hu\/de\/","name":"Patent Kft.","description":"Ipari Szerel\u0151 \u00e9s Gy\u00e1rt\u00f3 Kft.","publisher":{"@id":"https:\/\/patent.hu\/de\/#organization"},"potentialAction":[{"@type":"SearchAction","target":{"@type":"EntryPoint","urlTemplate":"https:\/\/patent.hu\/de\/?s={search_term_string}"},"query-input":{"@type":"PropertyValueSpecification","valueRequired":true,"valueName":"search_term_string"}}],"inLanguage":"en-US"},{"@type":"Organization","@id":"https:\/\/patent.hu\/de\/#organization","name":"Patent Kft.","url":"https:\/\/patent.hu\/de\/","logo":{"@type":"ImageObject","inLanguage":"en-US","@id":"https:\/\/patent.hu\/de\/#\/schema\/logo\/image\/","url":"https:\/\/patent.hu\/ptnt17\/wp-content\/uploads\/2019\/10\/patent-content-logo.jpg","contentUrl":"https:\/\/patent.hu\/ptnt17\/wp-content\/uploads\/2019\/10\/patent-content-logo.jpg","width":319,"height":139,"caption":"Patent Kft."},"image":{"@id":"https:\/\/patent.hu\/de\/#\/schema\/logo\/image\/"},"sameAs":["https:\/\/www.facebook.com\/people\/Patent-Kft\/100066768171896\/?locale=hu_HU"]}]}},"_links":{"self":[{"href":"https:\/\/patent.hu\/en\/wp-json\/wp\/v2\/pages\/7903","targetHints":{"allow":["GET"]}}],"collection":[{"href":"https:\/\/patent.hu\/en\/wp-json\/wp\/v2\/pages"}],"about":[{"href":"https:\/\/patent.hu\/en\/wp-json\/wp\/v2\/types\/page"}],"author":[{"embeddable":true,"href":"https:\/\/patent.hu\/en\/wp-json\/wp\/v2\/users\/1"}],"replies":[{"embeddable":true,"href":"https:\/\/patent.hu\/en\/wp-json\/wp\/v2\/comments?post=7903"}],"version-history":[{"count":2,"href":"https:\/\/patent.hu\/en\/wp-json\/wp\/v2\/pages\/7903\/revisions"}],"predecessor-version":[{"id":7955,"href":"https:\/\/patent.hu\/en\/wp-json\/wp\/v2\/pages\/7903\/revisions\/7955"}],"wp:attachment":[{"href":"https:\/\/patent.hu\/en\/wp-json\/wp\/v2\/media?parent=7903"}],"curies":[{"name":"wp","href":"https:\/\/api.w.org\/{rel}","templated":true}]}}