{"id":7932,"date":"2023-02-07T14:13:48","date_gmt":"2023-02-07T14:13:48","guid":{"rendered":"https:\/\/patent.hu\/?page_id=7932"},"modified":"2023-02-07T21:25:30","modified_gmt":"2023-02-07T21:25:30","slug":"design","status":"publish","type":"page","link":"https:\/\/patent.hu\/en\/design\/","title":{"rendered":"Design"},"content":{"rendered":"<p dir=\"ltr\">Having received the URS\/specification from our customer, our company can supply full design service including strength calculation. During the design phase there is no need for frequent meetings harmonize personally, as the electronic dataexchange is given.<\/p>\n<h5 dir=\"ltr\" style=\"margin-bottom: 20px;\">A few data:<\/h5>\n<table>\n<tbody>\n<tr>\n<td width=\"50%\">Computer design \u2013 Solid modeling &amp; drafting:<\/td>\n<td width=\"50%\">AUTOCAD<\/td>\n<\/tr>\n<tr>\n<td>Test modelling \u2013 Solid modeling:<\/td>\n<td>AUTOCAD INVENTOR<\/td>\n<\/tr>\n<tr>\n<td>Plate modelling \u2013 Sheetmetal modeling:<\/td>\n<td>AUTOCAD INVENTOR<\/td>\n<\/tr>\n<tr>\n<td>PED registration:<\/td>\n<td>T\u00dcV Rheinland<\/td>\n<\/tr>\n<tr>\n<td>Strength calculation modelling \u2013 Code calculations:<\/td>\n<td>AD2000 EN13445 API65011\/1994 (III.25) IKM PED 97\/23\/EC \u2013 European Pressure Equipment Directive (CE marking)<\/td>\n<\/tr>\n<\/tbody>\n<\/table>\n<div class=\"flex_column av_one_half\">\n<h5 style=\"margin-bottom: 10px;\">We can mainly desing the following equipments:<\/h5>\n<ul>\n<li>Vertical pressure vessels<\/li>\n<li>Horizontal pressure vessels<\/li>\n<li>Reactors<\/li>\n<li>Heat-Exchangers<\/li>\n<li>Storage tanks<\/li>\n<\/ul>\n<\/div>\n<div class=\"flex_column av_one_half avia-builder-el-last\">\n<h5 style=\"margin-bottom: 10px;\">Main characterisctic of our design system:<\/h5>\n<ul>\n<li>accuracy<\/li>\n<li>continuous consultation with the client<\/li>\n<li>flexibility<\/li>\n<li>team work<\/li>\n<li>cost efficiency<\/li>\n<\/ul>\n<\/div>\n<p class=\"tab-design-last-sent\" style=\"clear: both;\">Design can be made in 2 or 3D.<\/p>\n","protected":false},"excerpt":{"rendered":"<p>Having received the URS\/specification from our customer, our company can supply full design service including strength calculation. During the design phase there is no need for frequent meetings harmonize personally, as the electronic dataexchange is given. A few data: Computer design \u2013 Solid modeling &amp; drafting: AUTOCAD Test modelling \u2013 Solid modeling: AUTOCAD INVENTOR Plate [&hellip;]<\/p>\n","protected":false},"author":1,"featured_media":0,"parent":0,"menu_order":0,"comment_status":"closed","ping_status":"closed","template":"","meta":{"footnotes":""},"class_list":["post-7932","page","type-page","status-publish","hentry"],"yoast_head":"<!-- This site is optimized with the Yoast SEO plugin v27.2 - https:\/\/yoast.com\/product\/yoast-seo-wordpress\/ -->\n<title>Design - Patent Kft.<\/title>\n<meta name=\"robots\" content=\"index, follow, max-snippet:-1, max-image-preview:large, max-video-preview:-1\" \/>\n<link rel=\"canonical\" href=\"https:\/\/patent.hu\/en\/design\/\" \/>\n<meta property=\"og:locale\" content=\"en_US\" \/>\n<meta property=\"og:type\" content=\"article\" \/>\n<meta property=\"og:title\" content=\"Design - Patent Kft.\" \/>\n<meta property=\"og:description\" content=\"Having received the URS\/specification from our customer, our company can supply full design service including strength calculation. During the design phase there is no need for frequent meetings harmonize personally, as the electronic dataexchange is given. A few data: Computer design \u2013 Solid modeling &amp; drafting: AUTOCAD Test modelling \u2013 Solid modeling: AUTOCAD INVENTOR Plate [&hellip;]\" \/>\n<meta property=\"og:url\" content=\"https:\/\/patent.hu\/en\/design\/\" \/>\n<meta property=\"og:site_name\" content=\"Patent Kft.\" \/>\n<meta property=\"article:publisher\" content=\"https:\/\/www.facebook.com\/people\/Patent-Kft\/100066768171896\/?locale=hu_HU\" \/>\n<meta property=\"article:modified_time\" content=\"2023-02-07T21:25:30+00:00\" \/>\n<meta name=\"twitter:card\" content=\"summary_large_image\" \/>\n<meta name=\"twitter:label1\" content=\"Est. reading time\" \/>\n\t<meta name=\"twitter:data1\" content=\"1 minute\" \/>\n<script type=\"application\/ld+json\" class=\"yoast-schema-graph\">{\"@context\":\"https:\/\/schema.org\",\"@graph\":[{\"@type\":\"WebPage\",\"@id\":\"https:\/\/patent.hu\/en\/design\/\",\"url\":\"https:\/\/patent.hu\/en\/design\/\",\"name\":\"Design - Patent Kft.\",\"isPartOf\":{\"@id\":\"https:\/\/patent.hu\/de\/#website\"},\"datePublished\":\"2023-02-07T14:13:48+00:00\",\"dateModified\":\"2023-02-07T21:25:30+00:00\",\"breadcrumb\":{\"@id\":\"https:\/\/patent.hu\/en\/design\/#breadcrumb\"},\"inLanguage\":\"en-US\",\"potentialAction\":[{\"@type\":\"ReadAction\",\"target\":[\"https:\/\/patent.hu\/en\/design\/\"]}]},{\"@type\":\"BreadcrumbList\",\"@id\":\"https:\/\/patent.hu\/en\/design\/#breadcrumb\",\"itemListElement\":[{\"@type\":\"ListItem\",\"position\":1,\"name\":\"Kezd\u0151lap\",\"item\":\"https:\/\/patent.hu\/en\/home\/\"},{\"@type\":\"ListItem\",\"position\":2,\"name\":\"Design\"}]},{\"@type\":\"WebSite\",\"@id\":\"https:\/\/patent.hu\/de\/#website\",\"url\":\"https:\/\/patent.hu\/de\/\",\"name\":\"Patent Kft.\",\"description\":\"Ipari Szerel\u0151 \u00e9s Gy\u00e1rt\u00f3 Kft.\",\"publisher\":{\"@id\":\"https:\/\/patent.hu\/de\/#organization\"},\"potentialAction\":[{\"@type\":\"SearchAction\",\"target\":{\"@type\":\"EntryPoint\",\"urlTemplate\":\"https:\/\/patent.hu\/de\/?s={search_term_string}\"},\"query-input\":{\"@type\":\"PropertyValueSpecification\",\"valueRequired\":true,\"valueName\":\"search_term_string\"}}],\"inLanguage\":\"en-US\"},{\"@type\":\"Organization\",\"@id\":\"https:\/\/patent.hu\/de\/#organization\",\"name\":\"Patent Kft.\",\"url\":\"https:\/\/patent.hu\/de\/\",\"logo\":{\"@type\":\"ImageObject\",\"inLanguage\":\"en-US\",\"@id\":\"https:\/\/patent.hu\/de\/#\/schema\/logo\/image\/\",\"url\":\"https:\/\/patent.hu\/ptnt17\/wp-content\/uploads\/2019\/10\/patent-content-logo.jpg\",\"contentUrl\":\"https:\/\/patent.hu\/ptnt17\/wp-content\/uploads\/2019\/10\/patent-content-logo.jpg\",\"width\":319,\"height\":139,\"caption\":\"Patent Kft.\"},\"image\":{\"@id\":\"https:\/\/patent.hu\/de\/#\/schema\/logo\/image\/\"},\"sameAs\":[\"https:\/\/www.facebook.com\/people\/Patent-Kft\/100066768171896\/?locale=hu_HU\"]}]}<\/script>\n<!-- \/ Yoast SEO plugin. -->","yoast_head_json":{"title":"Design - Patent Kft.","robots":{"index":"index","follow":"follow","max-snippet":"max-snippet:-1","max-image-preview":"max-image-preview:large","max-video-preview":"max-video-preview:-1"},"canonical":"https:\/\/patent.hu\/en\/design\/","og_locale":"en_US","og_type":"article","og_title":"Design - Patent Kft.","og_description":"Having received the URS\/specification from our customer, our company can supply full design service including strength calculation. During the design phase there is no need for frequent meetings harmonize personally, as the electronic dataexchange is given. A few data: Computer design \u2013 Solid modeling &amp; drafting: AUTOCAD Test modelling \u2013 Solid modeling: AUTOCAD INVENTOR Plate [&hellip;]","og_url":"https:\/\/patent.hu\/en\/design\/","og_site_name":"Patent Kft.","article_publisher":"https:\/\/www.facebook.com\/people\/Patent-Kft\/100066768171896\/?locale=hu_HU","article_modified_time":"2023-02-07T21:25:30+00:00","twitter_card":"summary_large_image","twitter_misc":{"Est. reading time":"1 minute"},"schema":{"@context":"https:\/\/schema.org","@graph":[{"@type":"WebPage","@id":"https:\/\/patent.hu\/en\/design\/","url":"https:\/\/patent.hu\/en\/design\/","name":"Design - Patent Kft.","isPartOf":{"@id":"https:\/\/patent.hu\/de\/#website"},"datePublished":"2023-02-07T14:13:48+00:00","dateModified":"2023-02-07T21:25:30+00:00","breadcrumb":{"@id":"https:\/\/patent.hu\/en\/design\/#breadcrumb"},"inLanguage":"en-US","potentialAction":[{"@type":"ReadAction","target":["https:\/\/patent.hu\/en\/design\/"]}]},{"@type":"BreadcrumbList","@id":"https:\/\/patent.hu\/en\/design\/#breadcrumb","itemListElement":[{"@type":"ListItem","position":1,"name":"Kezd\u0151lap","item":"https:\/\/patent.hu\/en\/home\/"},{"@type":"ListItem","position":2,"name":"Design"}]},{"@type":"WebSite","@id":"https:\/\/patent.hu\/de\/#website","url":"https:\/\/patent.hu\/de\/","name":"Patent Kft.","description":"Ipari Szerel\u0151 \u00e9s Gy\u00e1rt\u00f3 Kft.","publisher":{"@id":"https:\/\/patent.hu\/de\/#organization"},"potentialAction":[{"@type":"SearchAction","target":{"@type":"EntryPoint","urlTemplate":"https:\/\/patent.hu\/de\/?s={search_term_string}"},"query-input":{"@type":"PropertyValueSpecification","valueRequired":true,"valueName":"search_term_string"}}],"inLanguage":"en-US"},{"@type":"Organization","@id":"https:\/\/patent.hu\/de\/#organization","name":"Patent Kft.","url":"https:\/\/patent.hu\/de\/","logo":{"@type":"ImageObject","inLanguage":"en-US","@id":"https:\/\/patent.hu\/de\/#\/schema\/logo\/image\/","url":"https:\/\/patent.hu\/ptnt17\/wp-content\/uploads\/2019\/10\/patent-content-logo.jpg","contentUrl":"https:\/\/patent.hu\/ptnt17\/wp-content\/uploads\/2019\/10\/patent-content-logo.jpg","width":319,"height":139,"caption":"Patent Kft."},"image":{"@id":"https:\/\/patent.hu\/de\/#\/schema\/logo\/image\/"},"sameAs":["https:\/\/www.facebook.com\/people\/Patent-Kft\/100066768171896\/?locale=hu_HU"]}]}},"_links":{"self":[{"href":"https:\/\/patent.hu\/en\/wp-json\/wp\/v2\/pages\/7932","targetHints":{"allow":["GET"]}}],"collection":[{"href":"https:\/\/patent.hu\/en\/wp-json\/wp\/v2\/pages"}],"about":[{"href":"https:\/\/patent.hu\/en\/wp-json\/wp\/v2\/types\/page"}],"author":[{"embeddable":true,"href":"https:\/\/patent.hu\/en\/wp-json\/wp\/v2\/users\/1"}],"replies":[{"embeddable":true,"href":"https:\/\/patent.hu\/en\/wp-json\/wp\/v2\/comments?post=7932"}],"version-history":[{"count":7,"href":"https:\/\/patent.hu\/en\/wp-json\/wp\/v2\/pages\/7932\/revisions"}],"predecessor-version":[{"id":7942,"href":"https:\/\/patent.hu\/en\/wp-json\/wp\/v2\/pages\/7932\/revisions\/7942"}],"wp:attachment":[{"href":"https:\/\/patent.hu\/en\/wp-json\/wp\/v2\/media?parent=7932"}],"curies":[{"name":"wp","href":"https:\/\/api.w.org\/{rel}","templated":true}]}}