{"id":5065,"date":"2017-02-02T14:27:30","date_gmt":"2017-02-02T14:27:30","guid":{"rendered":"http:\/\/www.patent.hu\/ptnt17\/kapcsolat\/"},"modified":"2024-02-16T12:40:07","modified_gmt":"2024-02-16T12:40:07","slug":"%d0%ba%d0%be%d0%bd%d1%82%d0%b0%d0%ba%d1%82%d1%8b","status":"publish","type":"page","link":"https:\/\/patent.hu\/ru\/%d0%ba%d0%be%d0%bd%d1%82%d0%b0%d0%ba%d1%82%d1%8b\/","title":{"rendered":"\u041a\u043e\u043d\u0442\u0430\u043a\u0442\u044b"},"content":{"rendered":"<div  class='av_gmaps_sc_main_wrap av_gmaps_main_wrap '><div id='av_gmap_0' class='avia-google-map-container avia-google-map-sc av_gmaps_show_unconditionally av-no-fallback-img ' data-mapid='av_gmap_0'  style='height: 390px;'><a class=\"av_gmaps_browser_disabled av_text_confirm_link av_text_confirm_link_visible\" href=\"https:\/\/www.google.com\/maps\/search\/?api=1&#038;query=B\u00fcrgeh\u00e1zd\u0171l\u0151%20Pf.261%202700%20Cegl\u00e9d%20%20Magyarorsz\u00e1g\" target=\"_blank\">Maps were disabled by the visitor on this site. Click to open the map in a new window.<\/a><\/div><\/div>\n\n<style type=\"text\/css\" data-created_by=\"avia_inline_auto\" id=\"style-css-av-396xns-269f3054e5caafad3af0f5f29762fea4\">\n.avia-section.av-396xns-269f3054e5caafad3af0f5f29762fea4 .av-extra-border-element .av-extra-border-inner{\nbackground-color:#ffffff;\n}\n<\/style>\n<div id='av_section_1'  class='avia-section av-396xns-269f3054e5caafad3af0f5f29762fea4 main_color avia-section-large avia-no-border-styling  avia-builder-el-1  el_after_av_google_map  avia-builder-el-last  avia-bg-style-scroll av-arrow-down-section container_wrap sidebar_right'  ><div class='container av-section-cont-open' ><div class='template-page content  av-content-small alpha units'><div class='post-entry post-entry-type-page post-entry-5065'><div class='entry-content-wrapper clearfix'>\n\n<style type=\"text\/css\" data-created_by=\"avia_inline_auto\" id=\"style-css-av-av_heading-beb39ffb0e9cc869b67945f38aab6979\">\n#top .av-special-heading.av-av_heading-beb39ffb0e9cc869b67945f38aab6979{\npadding-bottom:20px;\nfont-size:40px;\n}\nbody .av-special-heading.av-av_heading-beb39ffb0e9cc869b67945f38aab6979 .av-special-heading-tag .heading-char{\nfont-size:25px;\n}\n#top #wrap_all .av-special-heading.av-av_heading-beb39ffb0e9cc869b67945f38aab6979 .av-special-heading-tag{\nfont-size:40px;\n}\n.av-special-heading.av-av_heading-beb39ffb0e9cc869b67945f38aab6979 .av-subheading{\nfont-size:15px;\n}\n\n@media only screen and (min-width: 480px) and (max-width: 767px){ \n#top #wrap_all .av-special-heading.av-av_heading-beb39ffb0e9cc869b67945f38aab6979 .av-special-heading-tag{\nfont-size:0.8em;\n}\n}\n\n@media only screen and (max-width: 479px){ \n#top #wrap_all .av-special-heading.av-av_heading-beb39ffb0e9cc869b67945f38aab6979 .av-special-heading-tag{\nfont-size:0.8em;\n}\n}\n<\/style>\n<div  class='av-special-heading av-av_heading-beb39ffb0e9cc869b67945f38aab6979 av-special-heading-h2 blockquote modern-quote  avia-builder-el-2  el_before_av_one_half  avia-builder-el-first  av-inherit-size'><h2 class='av-special-heading-tag '  itemprop=\"headline\"  >\u041a\u043e\u043d\u0442\u0430\u043a\u0442\u044b<\/h2><div class=\"special-heading-border\"><div class=\"special-heading-inner-border\"><\/div><\/div><\/div>\n\n<style type=\"text\/css\" data-created_by=\"avia_inline_auto\" id=\"style-css-av-an80g-1d4d49e213b94b81fd78542f9c7c9fda\">\n.flex_column.av-an80g-1d4d49e213b94b81fd78542f9c7c9fda{\nborder-radius:0px 0px 0px 0px;\npadding:0px 0px 0px 0px;\n}\n<\/style>\n<div  class='flex_column av-an80g-1d4d49e213b94b81fd78542f9c7c9fda av_one_half  avia-builder-el-3  el_after_av_heading  el_before_av_one_half  first flex_column_div av-zero-column-padding  '     ><form action=\"https:\/\/patent.hu\/ru\/%d0%ba%d0%be%d0%bd%d1%82%d0%b0%d0%ba%d1%82%d1%8b\/\" method=\"post\" data-fields-with-error=\"Found errors in the following field(s):\" class=\"avia_ajax_form av-form-labels-hidden   avia-builder-el-4  avia-builder-el-no-sibling   \" data-avia-form-id=\"1\" data-avia-redirect='https:\/\/patent.hu\/ru\/%d0%b1%d1%8b%d1%81%d1%82%d1%80%d0%b0%d1%8f-%d1%81%d0%b2%d1%8f%d0%b7%d1%8c\/' ><fieldset><p class='  first_form  form_element form_element_half' id='element_avia_1_1'><label for=\"avia_1_1\">\u041d\u0430\u0437\u0432\u0430\u043d\u0438\u0435 <abbr class=\"required\" title=\"\u0442\u0440\u0435\u0431\u0443\u0435\u0442\u0441\u044f\">*<\/abbr><\/label> <input name=\"avia_1_1\" class=\"text_input is_empty\" type=\"text\" id=\"avia_1_1\" value=\"\"  placeholder='\u041d\u0430\u0437\u0432\u0430\u043d\u0438\u0435*'\/><\/p><p class='  form_element form_element_half' id='element_avia_2_1'><label for=\"avia_2_1\"> \u042d\u043b. \u043f\u043e\u0447\u0442\u0430 <abbr class=\"required\" title=\"\u0442\u0440\u0435\u0431\u0443\u0435\u0442\u0441\u044f\">*<\/abbr><\/label> <input name=\"avia_2_1\" class=\"text_input is_email\" type=\"text\" id=\"avia_2_1\" value=\"\"  placeholder=' \u042d\u043b. \u043f\u043e\u0447\u0442\u0430*'\/><\/p><p class='  first_form  form_element form_fullwidth' id='element_avia_3_1'><label for=\"avia_3_1\">\u0422\u0435\u043c\u0430 <abbr class=\"required\" title=\"\u0442\u0440\u0435\u0431\u0443\u0435\u0442\u0441\u044f\">*<\/abbr><\/label> <input name=\"avia_3_1\" class=\"text_input is_empty\" type=\"text\" id=\"avia_3_1\" value=\"\"  placeholder='\u0422\u0435\u043c\u0430*'\/><\/p><p class='  first_form  form_element form_fullwidth' id='element_avia_4_1'><label for=\"avia_4_1\" class=\"textare_label hidden textare_label_avia_4_1\">\u0421\u043e\u043e\u0431\u0449\u0435\u043d\u0438\u0435 <abbr class=\"required\" title=\"\u0442\u0440\u0435\u0431\u0443\u0435\u0442\u0441\u044f\">*<\/abbr><\/label><textarea  placeholder='\u0421\u043e\u043e\u0431\u0449\u0435\u043d\u0438\u0435*' name=\"avia_4_1\" class=\"text_area is_empty\" cols=\"40\" rows=\"7\" id=\"avia_4_1\" ><\/textarea><\/p><p class=\"hidden\"><input type=\"text\" name=\"avia_5_1\" class=\"hidden \" id=\"avia_5_1\" value=\"\" \/><\/p><div id='avia_6_1' class='av-recaptcha-area  first_form  form_element form_fullwidth av-last-visible-form-element '  data-container_class=\"\" data-custom_class=\"\" data-context=\"av_contact_form\" data-token_input=\"av_recaptcha_token\" data-version=\"avia_recaptcha_v2\" data-theme=\"light\" data-size=\"normal\" data-score=\"0.5\" data-text_to_preview=\"\" data-value=\"\"><div class=\"av-google-badge-message hidden\">This site is protected by reCAPTCHA and the Google <a href=\"https:\/\/policies.google.com\/privacy\">Privacy Policy<\/a> and <a href=\"https:\/\/policies.google.com\/terms\">Terms of Service<\/a> apply.<\/div><\/div><p class=' av_form_privacy_check av_contact_privacy_check first_form  form_element form_fullwidth' id='element_avia_7_1'><input  name=\"avia_7_1\" class=\"input_checkbox is_empty\" type=\"checkbox\" id=\"avia_7_1\" value=\"true\"\/><label class=\"input_checkbox_label\" for=\"avia_7_1\">\u042f \u043f\u0440\u043e\u0447\u0438\u0442\u0430\u043b \u0438 \u043f\u0440\u0438\u043d\u0438\u043c\u0430\u044e \u0441\u043b\u0435\u0434\u0443\u044e\u0449\u0435\u0435: <a href=\"\u043f\u043e\u043b\u0438\u0442\u0438\u043a\u0430-\u043a\u043e\u043d\u0444\u0438\u0434\u0435\u043d\u0446\u0438\u0430\u043b\u044c\u043d\u043e\u0441\u0442\u0438\" target=\"_blank\">\u041f\u043e\u043b\u0438\u0442\u0438\u043a\u0430 \u043a\u043e\u043d\u0444\u0438\u0434\u0435\u043d\u0446\u0438\u0430\u043b\u044c\u043d\u043e\u0441\u0442\u0438<\/a>. <abbr class=\"required\" title=\"\u0442\u0440\u0435\u0431\u0443\u0435\u0442\u0441\u044f\">*<\/abbr><\/label><\/p><p class=\"form_element \"><input type=\"hidden\" value=\"1\" name=\"avia_generated_form1\" \/><input type=\"submit\" value=\"\u0420\u0430\u0437\u043c\u0435\u0441\u0442\u0438\u0442\u044c\" class=\"button\"  data-sending-label=\"\u041e\u0442\u043f\u0440\u0430\u0432\u043a\u0430\"\/><\/p><\/fieldset><div class=\"avia-disabled-form\">This contact form is deactivated because you refused to accept Google reCaptcha service which is necessary to validate any messages sent by the form.<\/div><\/form><div id=\"ajaxresponse_1\" class=\"ajaxresponse ajaxresponse_1 hidden\"><\/div><\/div>\n<style type=\"text\/css\" data-created_by=\"avia_inline_auto\" id=\"style-css-av-1w7imw-892520f60b5b11ff218a6f124153e985\">\n.flex_column.av-1w7imw-892520f60b5b11ff218a6f124153e985{\nborder-radius:0px 0px 0px 0px;\npadding:0px 0px 0px 0px;\n}\n<\/style>\n<div  class='flex_column av-1w7imw-892520f60b5b11ff218a6f124153e985 av_one_half  avia-builder-el-5  el_after_av_one_half  avia-builder-el-last  flex_column_div av-zero-column-padding  '     ><section  class='av_textblock_section av-1qb4sw-d7239753b5358c9e3ca4ace85f8cc198 '   itemscope=\"itemscope\" itemtype=\"https:\/\/schema.org\/CreativeWork\" ><div class='avia_textblock'  itemprop=\"text\" ><h4>\u041a\u043e\u043e\u0440\u0434\u0438\u043d\u0430\u0442\u044b GPS<\/h4>\n<p><strong>N:<\/strong> 47.1859243\u00b0<br \/>\n<strong>E:<\/strong> 19.8241090\u00b0<\/p>\n<h4>\u0410\u0414\u0420\u0415\u0421<\/h4>\n<p>2700 Cegl\u00e9d, B\u00fcrgeh\u00e1z d\u0171l\u0151 0827\/4<br \/>\n<strong>\u041f\u043e\u0447\u0442\u043e\u0432\u044b\u0439 \u0430\u0434\u0440\u0435\u0441:<\/strong> 2700 Cegl\u00e9d, Pf. 261<\/p>\n<p><strong>\u0410\u0434\u0440\u0435\u0441 \u0434\u043b\u044f \u0432\u044b\u0441\u0442\u0430\u0432\u043b\u0435\u043d\u0438\u044f \u0441\u0447\u0435\u0442\u043e\u0432 (\u044e\u0440\u0438\u0434\u0438\u0447\u0435\u0441\u043a\u0438\u0439 \u0430\u0434\u0440\u0435\u0441):<\/strong><br \/>\n2700 Cegl\u00e9d, B\u00fcrgeh\u00e1z d\u0171l\u0151 0827\/4<\/p>\n<h4>\u0422\u0415\u041b\u0415\u0424\u041e\u041d<\/h4>\n<p>+36 (53) 505-570, 30\/328-4752, 30\/328-6419<\/p>\n<h4>\u0424\u0410\u041a\u0421<\/h4>\n<p>+36 (53) 505-578<\/p>\n<h4>\u042d\u041b\u0415\u041a\u0422\u0420\u041e\u041d\u041d\u0410\u042f \u041f\u041e\u0427\u0422\u0410<\/h4>\n<p><a href=\"mailto:sales@patent.hu\" target=\"_blank\" rel=\"noopener noreferrer\">sales@patent.hu<\/a><\/p>\n<\/div><\/section><\/div><\/div><\/div><\/div><!-- close content main div --><\/div><div class='av-extra-border-element border-extra-arrow-down'><div class='av-extra-border-outer'><div class='av-extra-border-inner'><\/div><\/div><\/div><\/div><div id='after_section_1'  class='main_color av_default_container_wrap container_wrap sidebar_right'  ><div class='container av-section-cont-open' ><div class='template-page content  av-content-small alpha units'><div class='post-entry post-entry-type-page post-entry-5065'><div class='entry-content-wrapper clearfix'>\n","protected":false},"excerpt":{"rendered":"","protected":false},"author":1,"featured_media":0,"parent":0,"menu_order":0,"comment_status":"closed","ping_status":"closed","template":"","meta":{"footnotes":""},"class_list":["post-5065","page","type-page","status-publish","hentry"],"yoast_head":"<!-- This site is optimized with the Yoast SEO plugin v27.2 - https:\/\/yoast.com\/product\/yoast-seo-wordpress\/ -->\n<title>\u041a\u043e\u043d\u0442\u0430\u043a\u0442\u044b - Patent Kft.<\/title>\n<meta name=\"robots\" content=\"index, follow, max-snippet:-1, max-image-preview:large, max-video-preview:-1\" \/>\n<link rel=\"canonical\" href=\"https:\/\/patent.hu\/ru\/\u043a\u043e\u043d\u0442\u0430\u043a\u0442\u044b\/\" \/>\n<meta property=\"og:locale\" content=\"ru_RU\" \/>\n<meta property=\"og:type\" content=\"article\" \/>\n<meta property=\"og:title\" content=\"\u041a\u043e\u043d\u0442\u0430\u043a\u0442\u044b - Patent Kft.\" \/>\n<meta property=\"og:url\" content=\"https:\/\/patent.hu\/ru\/\u043a\u043e\u043d\u0442\u0430\u043a\u0442\u044b\/\" \/>\n<meta property=\"og:site_name\" content=\"Patent Kft.\" \/>\n<meta property=\"article:publisher\" content=\"https:\/\/www.facebook.com\/people\/Patent-Kft\/100066768171896\/?locale=hu_HU\" \/>\n<meta property=\"article:modified_time\" content=\"2024-02-16T12:40:07+00:00\" \/>\n<meta name=\"twitter:card\" content=\"summary_large_image\" \/>\n<meta name=\"twitter:label1\" content=\"\u041f\u0440\u0438\u043c\u0435\u0440\u043d\u043e\u0435 \u0432\u0440\u0435\u043c\u044f \u0434\u043b\u044f \u0447\u0442\u0435\u043d\u0438\u044f\" \/>\n\t<meta name=\"twitter:data1\" content=\"2 \u043c\u0438\u043d\u0443\u0442\u044b\" \/>\n<script type=\"application\/ld+json\" class=\"yoast-schema-graph\">{\"@context\":\"https:\/\/schema.org\",\"@graph\":[{\"@type\":\"WebPage\",\"@id\":\"https:\/\/patent.hu\/ru\/%d0%ba%d0%be%d0%bd%d1%82%d0%b0%d0%ba%d1%82%d1%8b\/\",\"url\":\"https:\/\/patent.hu\/ru\/%d0%ba%d0%be%d0%bd%d1%82%d0%b0%d0%ba%d1%82%d1%8b\/\",\"name\":\"\u041a\u043e\u043d\u0442\u0430\u043a\u0442\u044b - Patent Kft.\",\"isPartOf\":{\"@id\":\"https:\/\/patent.hu\/de\/#website\"},\"datePublished\":\"2017-02-02T14:27:30+00:00\",\"dateModified\":\"2024-02-16T12:40:07+00:00\",\"breadcrumb\":{\"@id\":\"https:\/\/patent.hu\/ru\/%d0%ba%d0%be%d0%bd%d1%82%d0%b0%d0%ba%d1%82%d1%8b\/#breadcrumb\"},\"inLanguage\":\"ru-RU\",\"potentialAction\":[{\"@type\":\"ReadAction\",\"target\":[\"https:\/\/patent.hu\/ru\/%d0%ba%d0%be%d0%bd%d1%82%d0%b0%d0%ba%d1%82%d1%8b\/\"]}]},{\"@type\":\"BreadcrumbList\",\"@id\":\"https:\/\/patent.hu\/ru\/%d0%ba%d0%be%d0%bd%d1%82%d0%b0%d0%ba%d1%82%d1%8b\/#breadcrumb\",\"itemListElement\":[{\"@type\":\"ListItem\",\"position\":1,\"name\":\"Kezd\u0151lap\",\"item\":\"https:\/\/patent.hu\/ru\/%d0%b3%d0%bb%d0%b0%d0%b2%d0%bd%d0%b0%d1%8f\/\"},{\"@type\":\"ListItem\",\"position\":2,\"name\":\"\u041a\u043e\u043d\u0442\u0430\u043a\u0442\u044b\"}]},{\"@type\":\"WebSite\",\"@id\":\"https:\/\/patent.hu\/de\/#website\",\"url\":\"https:\/\/patent.hu\/de\/\",\"name\":\"Patent Kft.\",\"description\":\"Ipari Szerel\u0151 \u00e9s Gy\u00e1rt\u00f3 Kft.\",\"publisher\":{\"@id\":\"https:\/\/patent.hu\/de\/#organization\"},\"potentialAction\":[{\"@type\":\"SearchAction\",\"target\":{\"@type\":\"EntryPoint\",\"urlTemplate\":\"https:\/\/patent.hu\/de\/?s={search_term_string}\"},\"query-input\":{\"@type\":\"PropertyValueSpecification\",\"valueRequired\":true,\"valueName\":\"search_term_string\"}}],\"inLanguage\":\"ru-RU\"},{\"@type\":\"Organization\",\"@id\":\"https:\/\/patent.hu\/de\/#organization\",\"name\":\"Patent Kft.\",\"url\":\"https:\/\/patent.hu\/de\/\",\"logo\":{\"@type\":\"ImageObject\",\"inLanguage\":\"ru-RU\",\"@id\":\"https:\/\/patent.hu\/de\/#\/schema\/logo\/image\/\",\"url\":\"https:\/\/patent.hu\/ptnt17\/wp-content\/uploads\/2019\/10\/patent-content-logo.jpg\",\"contentUrl\":\"https:\/\/patent.hu\/ptnt17\/wp-content\/uploads\/2019\/10\/patent-content-logo.jpg\",\"width\":319,\"height\":139,\"caption\":\"Patent Kft.\"},\"image\":{\"@id\":\"https:\/\/patent.hu\/de\/#\/schema\/logo\/image\/\"},\"sameAs\":[\"https:\/\/www.facebook.com\/people\/Patent-Kft\/100066768171896\/?locale=hu_HU\"]}]}<\/script>\n<!-- \/ Yoast SEO plugin. -->","yoast_head_json":{"title":"\u041a\u043e\u043d\u0442\u0430\u043a\u0442\u044b - Patent Kft.","robots":{"index":"index","follow":"follow","max-snippet":"max-snippet:-1","max-image-preview":"max-image-preview:large","max-video-preview":"max-video-preview:-1"},"canonical":"https:\/\/patent.hu\/ru\/\u043a\u043e\u043d\u0442\u0430\u043a\u0442\u044b\/","og_locale":"ru_RU","og_type":"article","og_title":"\u041a\u043e\u043d\u0442\u0430\u043a\u0442\u044b - Patent Kft.","og_url":"https:\/\/patent.hu\/ru\/\u043a\u043e\u043d\u0442\u0430\u043a\u0442\u044b\/","og_site_name":"Patent Kft.","article_publisher":"https:\/\/www.facebook.com\/people\/Patent-Kft\/100066768171896\/?locale=hu_HU","article_modified_time":"2024-02-16T12:40:07+00:00","twitter_card":"summary_large_image","twitter_misc":{"\u041f\u0440\u0438\u043c\u0435\u0440\u043d\u043e\u0435 \u0432\u0440\u0435\u043c\u044f \u0434\u043b\u044f \u0447\u0442\u0435\u043d\u0438\u044f":"2 \u043c\u0438\u043d\u0443\u0442\u044b"},"schema":{"@context":"https:\/\/schema.org","@graph":[{"@type":"WebPage","@id":"https:\/\/patent.hu\/ru\/%d0%ba%d0%be%d0%bd%d1%82%d0%b0%d0%ba%d1%82%d1%8b\/","url":"https:\/\/patent.hu\/ru\/%d0%ba%d0%be%d0%bd%d1%82%d0%b0%d0%ba%d1%82%d1%8b\/","name":"\u041a\u043e\u043d\u0442\u0430\u043a\u0442\u044b - Patent Kft.","isPartOf":{"@id":"https:\/\/patent.hu\/de\/#website"},"datePublished":"2017-02-02T14:27:30+00:00","dateModified":"2024-02-16T12:40:07+00:00","breadcrumb":{"@id":"https:\/\/patent.hu\/ru\/%d0%ba%d0%be%d0%bd%d1%82%d0%b0%d0%ba%d1%82%d1%8b\/#breadcrumb"},"inLanguage":"ru-RU","potentialAction":[{"@type":"ReadAction","target":["https:\/\/patent.hu\/ru\/%d0%ba%d0%be%d0%bd%d1%82%d0%b0%d0%ba%d1%82%d1%8b\/"]}]},{"@type":"BreadcrumbList","@id":"https:\/\/patent.hu\/ru\/%d0%ba%d0%be%d0%bd%d1%82%d0%b0%d0%ba%d1%82%d1%8b\/#breadcrumb","itemListElement":[{"@type":"ListItem","position":1,"name":"Kezd\u0151lap","item":"https:\/\/patent.hu\/ru\/%d0%b3%d0%bb%d0%b0%d0%b2%d0%bd%d0%b0%d1%8f\/"},{"@type":"ListItem","position":2,"name":"\u041a\u043e\u043d\u0442\u0430\u043a\u0442\u044b"}]},{"@type":"WebSite","@id":"https:\/\/patent.hu\/de\/#website","url":"https:\/\/patent.hu\/de\/","name":"Patent Kft.","description":"Ipari Szerel\u0151 \u00e9s Gy\u00e1rt\u00f3 Kft.","publisher":{"@id":"https:\/\/patent.hu\/de\/#organization"},"potentialAction":[{"@type":"SearchAction","target":{"@type":"EntryPoint","urlTemplate":"https:\/\/patent.hu\/de\/?s={search_term_string}"},"query-input":{"@type":"PropertyValueSpecification","valueRequired":true,"valueName":"search_term_string"}}],"inLanguage":"ru-RU"},{"@type":"Organization","@id":"https:\/\/patent.hu\/de\/#organization","name":"Patent Kft.","url":"https:\/\/patent.hu\/de\/","logo":{"@type":"ImageObject","inLanguage":"ru-RU","@id":"https:\/\/patent.hu\/de\/#\/schema\/logo\/image\/","url":"https:\/\/patent.hu\/ptnt17\/wp-content\/uploads\/2019\/10\/patent-content-logo.jpg","contentUrl":"https:\/\/patent.hu\/ptnt17\/wp-content\/uploads\/2019\/10\/patent-content-logo.jpg","width":319,"height":139,"caption":"Patent Kft."},"image":{"@id":"https:\/\/patent.hu\/de\/#\/schema\/logo\/image\/"},"sameAs":["https:\/\/www.facebook.com\/people\/Patent-Kft\/100066768171896\/?locale=hu_HU"]}]}},"_links":{"self":[{"href":"https:\/\/patent.hu\/ru\/wp-json\/wp\/v2\/pages\/5065","targetHints":{"allow":["GET"]}}],"collection":[{"href":"https:\/\/patent.hu\/ru\/wp-json\/wp\/v2\/pages"}],"about":[{"href":"https:\/\/patent.hu\/ru\/wp-json\/wp\/v2\/types\/page"}],"author":[{"embeddable":true,"href":"https:\/\/patent.hu\/ru\/wp-json\/wp\/v2\/users\/1"}],"replies":[{"embeddable":true,"href":"https:\/\/patent.hu\/ru\/wp-json\/wp\/v2\/comments?post=5065"}],"version-history":[{"count":20,"href":"https:\/\/patent.hu\/ru\/wp-json\/wp\/v2\/pages\/5065\/revisions"}],"predecessor-version":[{"id":8494,"href":"https:\/\/patent.hu\/ru\/wp-json\/wp\/v2\/pages\/5065\/revisions\/8494"}],"wp:attachment":[{"href":"https:\/\/patent.hu\/ru\/wp-json\/wp\/v2\/media?parent=5065"}],"curies":[{"name":"wp","href":"https:\/\/api.w.org\/{rel}","templated":true}]}}