{"id":6696,"date":"2020-04-01T11:17:13","date_gmt":"2020-04-01T11:17:13","guid":{"rendered":"https:\/\/www.patent.hu\/koszonjuk-uzenetet\/"},"modified":"2020-04-01T11:23:17","modified_gmt":"2020-04-01T11:23:17","slug":"%d0%b1%d1%8b%d1%81%d1%82%d1%80%d0%b0%d1%8f-%d1%81%d0%b2%d1%8f%d0%b7%d1%8c","status":"publish","type":"page","link":"https:\/\/patent.hu\/ru\/%d0%b1%d1%8b%d1%81%d1%82%d1%80%d0%b0%d1%8f-%d1%81%d0%b2%d1%8f%d0%b7%d1%8c\/","title":{"rendered":"\u0411\u042b\u0421\u0422\u0420\u0410\u042f \u0421\u0412\u042f\u0417\u042c"},"content":{"rendered":"\n<style type=\"text\/css\" data-created_by=\"avia_inline_auto\" id=\"style-css-av-2o32ro-74f84aeb93d6ce398c68a68e2b95b20e\">\n.flex_column.av-2o32ro-74f84aeb93d6ce398c68a68e2b95b20e{\nborder-radius:0px 0px 0px 0px;\npadding:0px 0px 0px 0px;\n}\n<\/style>\n<div  class='flex_column av-2o32ro-74f84aeb93d6ce398c68a68e2b95b20e av_one_full  avia-builder-el-0  avia-builder-el-no-sibling  first flex_column_div av-zero-column-padding  '     ><section  class='av_textblock_section av-k8h8jwk4-85b3f541f94f06dd3fb53b6d783eaddb '   itemscope=\"itemscope\" itemtype=\"https:\/\/schema.org\/CreativeWork\" ><div class='avia_textblock'  itemprop=\"text\" ><h2 style=\"text-align: center; margin-top: 50px; margin-bottom: 200px;\">\u0421\u043e\u043e\u0431\u0449\u0435\u043d\u0438\u0435 \u043e\u0442\u043f\u0440\u0430\u0432\u043b\u0435\u043d\u043e.<br \/>\n\u0421\u043f\u0430\u0441\u0438\u0431\u043e, \u0447\u0442\u043e \u043d\u0430\u043f\u0438\u0441\u0430\u043b\u0438 \u043d\u0430\u043c!<\/h2>\n<\/div><\/section><\/div>\n","protected":false},"excerpt":{"rendered":"","protected":false},"author":1,"featured_media":0,"parent":0,"menu_order":0,"comment_status":"closed","ping_status":"closed","template":"","meta":{"footnotes":""},"class_list":["post-6696","page","type-page","status-publish","hentry"],"yoast_head":"<!-- This site is optimized with the Yoast SEO plugin v27.2 - https:\/\/yoast.com\/product\/yoast-seo-wordpress\/ -->\n<title>\u0411\u042b\u0421\u0422\u0420\u0410\u042f \u0421\u0412\u042f\u0417\u042c - Patent Kft.<\/title>\n<meta name=\"robots\" content=\"index, follow, max-snippet:-1, max-image-preview:large, max-video-preview:-1\" \/>\n<link rel=\"canonical\" href=\"https:\/\/patent.hu\/ru\/\u0431\u044b\u0441\u0442\u0440\u0430\u044f-\u0441\u0432\u044f\u0437\u044c\/\" \/>\n<meta property=\"og:locale\" content=\"ru_RU\" \/>\n<meta property=\"og:type\" content=\"article\" \/>\n<meta property=\"og:title\" content=\"\u0411\u042b\u0421\u0422\u0420\u0410\u042f \u0421\u0412\u042f\u0417\u042c - Patent Kft.\" \/>\n<meta property=\"og:url\" content=\"https:\/\/patent.hu\/ru\/\u0431\u044b\u0441\u0442\u0440\u0430\u044f-\u0441\u0432\u044f\u0437\u044c\/\" \/>\n<meta property=\"og:site_name\" content=\"Patent Kft.\" \/>\n<meta property=\"article:publisher\" content=\"https:\/\/www.facebook.com\/people\/Patent-Kft\/100066768171896\/?locale=hu_HU\" \/>\n<meta property=\"article:modified_time\" content=\"2020-04-01T11:23:17+00:00\" \/>\n<meta name=\"twitter:card\" content=\"summary_large_image\" \/>\n<meta name=\"twitter:label1\" content=\"\u041f\u0440\u0438\u043c\u0435\u0440\u043d\u043e\u0435 \u0432\u0440\u0435\u043c\u044f \u0434\u043b\u044f \u0447\u0442\u0435\u043d\u0438\u044f\" \/>\n\t<meta name=\"twitter:data1\" content=\"1 \u043c\u0438\u043d\u0443\u0442\u0430\" \/>\n<script type=\"application\/ld+json\" class=\"yoast-schema-graph\">{\"@context\":\"https:\/\/schema.org\",\"@graph\":[{\"@type\":\"WebPage\",\"@id\":\"https:\/\/patent.hu\/ru\/%d0%b1%d1%8b%d1%81%d1%82%d1%80%d0%b0%d1%8f-%d1%81%d0%b2%d1%8f%d0%b7%d1%8c\/\",\"url\":\"https:\/\/patent.hu\/ru\/%d0%b1%d1%8b%d1%81%d1%82%d1%80%d0%b0%d1%8f-%d1%81%d0%b2%d1%8f%d0%b7%d1%8c\/\",\"name\":\"\u0411\u042b\u0421\u0422\u0420\u0410\u042f \u0421\u0412\u042f\u0417\u042c - Patent Kft.\",\"isPartOf\":{\"@id\":\"https:\/\/patent.hu\/de\/#website\"},\"datePublished\":\"2020-04-01T11:17:13+00:00\",\"dateModified\":\"2020-04-01T11:23:17+00:00\",\"breadcrumb\":{\"@id\":\"https:\/\/patent.hu\/ru\/%d0%b1%d1%8b%d1%81%d1%82%d1%80%d0%b0%d1%8f-%d1%81%d0%b2%d1%8f%d0%b7%d1%8c\/#breadcrumb\"},\"inLanguage\":\"ru-RU\",\"potentialAction\":[{\"@type\":\"ReadAction\",\"target\":[\"https:\/\/patent.hu\/ru\/%d0%b1%d1%8b%d1%81%d1%82%d1%80%d0%b0%d1%8f-%d1%81%d0%b2%d1%8f%d0%b7%d1%8c\/\"]}]},{\"@type\":\"BreadcrumbList\",\"@id\":\"https:\/\/patent.hu\/ru\/%d0%b1%d1%8b%d1%81%d1%82%d1%80%d0%b0%d1%8f-%d1%81%d0%b2%d1%8f%d0%b7%d1%8c\/#breadcrumb\",\"itemListElement\":[{\"@type\":\"ListItem\",\"position\":1,\"name\":\"Kezd\u0151lap\",\"item\":\"https:\/\/patent.hu\/ru\/%d0%b3%d0%bb%d0%b0%d0%b2%d0%bd%d0%b0%d1%8f\/\"},{\"@type\":\"ListItem\",\"position\":2,\"name\":\"\u0411\u042b\u0421\u0422\u0420\u0410\u042f \u0421\u0412\u042f\u0417\u042c\"}]},{\"@type\":\"WebSite\",\"@id\":\"https:\/\/patent.hu\/de\/#website\",\"url\":\"https:\/\/patent.hu\/de\/\",\"name\":\"Patent Kft.\",\"description\":\"Ipari Szerel\u0151 \u00e9s Gy\u00e1rt\u00f3 Kft.\",\"publisher\":{\"@id\":\"https:\/\/patent.hu\/de\/#organization\"},\"potentialAction\":[{\"@type\":\"SearchAction\",\"target\":{\"@type\":\"EntryPoint\",\"urlTemplate\":\"https:\/\/patent.hu\/de\/?s={search_term_string}\"},\"query-input\":{\"@type\":\"PropertyValueSpecification\",\"valueRequired\":true,\"valueName\":\"search_term_string\"}}],\"inLanguage\":\"ru-RU\"},{\"@type\":\"Organization\",\"@id\":\"https:\/\/patent.hu\/de\/#organization\",\"name\":\"Patent Kft.\",\"url\":\"https:\/\/patent.hu\/de\/\",\"logo\":{\"@type\":\"ImageObject\",\"inLanguage\":\"ru-RU\",\"@id\":\"https:\/\/patent.hu\/de\/#\/schema\/logo\/image\/\",\"url\":\"https:\/\/patent.hu\/ptnt17\/wp-content\/uploads\/2019\/10\/patent-content-logo.jpg\",\"contentUrl\":\"https:\/\/patent.hu\/ptnt17\/wp-content\/uploads\/2019\/10\/patent-content-logo.jpg\",\"width\":319,\"height\":139,\"caption\":\"Patent Kft.\"},\"image\":{\"@id\":\"https:\/\/patent.hu\/de\/#\/schema\/logo\/image\/\"},\"sameAs\":[\"https:\/\/www.facebook.com\/people\/Patent-Kft\/100066768171896\/?locale=hu_HU\"]}]}<\/script>\n<!-- \/ Yoast SEO plugin. -->","yoast_head_json":{"title":"\u0411\u042b\u0421\u0422\u0420\u0410\u042f \u0421\u0412\u042f\u0417\u042c - Patent Kft.","robots":{"index":"index","follow":"follow","max-snippet":"max-snippet:-1","max-image-preview":"max-image-preview:large","max-video-preview":"max-video-preview:-1"},"canonical":"https:\/\/patent.hu\/ru\/\u0431\u044b\u0441\u0442\u0440\u0430\u044f-\u0441\u0432\u044f\u0437\u044c\/","og_locale":"ru_RU","og_type":"article","og_title":"\u0411\u042b\u0421\u0422\u0420\u0410\u042f \u0421\u0412\u042f\u0417\u042c - Patent Kft.","og_url":"https:\/\/patent.hu\/ru\/\u0431\u044b\u0441\u0442\u0440\u0430\u044f-\u0441\u0432\u044f\u0437\u044c\/","og_site_name":"Patent Kft.","article_publisher":"https:\/\/www.facebook.com\/people\/Patent-Kft\/100066768171896\/?locale=hu_HU","article_modified_time":"2020-04-01T11:23:17+00:00","twitter_card":"summary_large_image","twitter_misc":{"\u041f\u0440\u0438\u043c\u0435\u0440\u043d\u043e\u0435 \u0432\u0440\u0435\u043c\u044f \u0434\u043b\u044f \u0447\u0442\u0435\u043d\u0438\u044f":"1 \u043c\u0438\u043d\u0443\u0442\u0430"},"schema":{"@context":"https:\/\/schema.org","@graph":[{"@type":"WebPage","@id":"https:\/\/patent.hu\/ru\/%d0%b1%d1%8b%d1%81%d1%82%d1%80%d0%b0%d1%8f-%d1%81%d0%b2%d1%8f%d0%b7%d1%8c\/","url":"https:\/\/patent.hu\/ru\/%d0%b1%d1%8b%d1%81%d1%82%d1%80%d0%b0%d1%8f-%d1%81%d0%b2%d1%8f%d0%b7%d1%8c\/","name":"\u0411\u042b\u0421\u0422\u0420\u0410\u042f \u0421\u0412\u042f\u0417\u042c - Patent Kft.","isPartOf":{"@id":"https:\/\/patent.hu\/de\/#website"},"datePublished":"2020-04-01T11:17:13+00:00","dateModified":"2020-04-01T11:23:17+00:00","breadcrumb":{"@id":"https:\/\/patent.hu\/ru\/%d0%b1%d1%8b%d1%81%d1%82%d1%80%d0%b0%d1%8f-%d1%81%d0%b2%d1%8f%d0%b7%d1%8c\/#breadcrumb"},"inLanguage":"ru-RU","potentialAction":[{"@type":"ReadAction","target":["https:\/\/patent.hu\/ru\/%d0%b1%d1%8b%d1%81%d1%82%d1%80%d0%b0%d1%8f-%d1%81%d0%b2%d1%8f%d0%b7%d1%8c\/"]}]},{"@type":"BreadcrumbList","@id":"https:\/\/patent.hu\/ru\/%d0%b1%d1%8b%d1%81%d1%82%d1%80%d0%b0%d1%8f-%d1%81%d0%b2%d1%8f%d0%b7%d1%8c\/#breadcrumb","itemListElement":[{"@type":"ListItem","position":1,"name":"Kezd\u0151lap","item":"https:\/\/patent.hu\/ru\/%d0%b3%d0%bb%d0%b0%d0%b2%d0%bd%d0%b0%d1%8f\/"},{"@type":"ListItem","position":2,"name":"\u0411\u042b\u0421\u0422\u0420\u0410\u042f \u0421\u0412\u042f\u0417\u042c"}]},{"@type":"WebSite","@id":"https:\/\/patent.hu\/de\/#website","url":"https:\/\/patent.hu\/de\/","name":"Patent Kft.","description":"Ipari Szerel\u0151 \u00e9s Gy\u00e1rt\u00f3 Kft.","publisher":{"@id":"https:\/\/patent.hu\/de\/#organization"},"potentialAction":[{"@type":"SearchAction","target":{"@type":"EntryPoint","urlTemplate":"https:\/\/patent.hu\/de\/?s={search_term_string}"},"query-input":{"@type":"PropertyValueSpecification","valueRequired":true,"valueName":"search_term_string"}}],"inLanguage":"ru-RU"},{"@type":"Organization","@id":"https:\/\/patent.hu\/de\/#organization","name":"Patent Kft.","url":"https:\/\/patent.hu\/de\/","logo":{"@type":"ImageObject","inLanguage":"ru-RU","@id":"https:\/\/patent.hu\/de\/#\/schema\/logo\/image\/","url":"https:\/\/patent.hu\/ptnt17\/wp-content\/uploads\/2019\/10\/patent-content-logo.jpg","contentUrl":"https:\/\/patent.hu\/ptnt17\/wp-content\/uploads\/2019\/10\/patent-content-logo.jpg","width":319,"height":139,"caption":"Patent Kft."},"image":{"@id":"https:\/\/patent.hu\/de\/#\/schema\/logo\/image\/"},"sameAs":["https:\/\/www.facebook.com\/people\/Patent-Kft\/100066768171896\/?locale=hu_HU"]}]}},"_links":{"self":[{"href":"https:\/\/patent.hu\/ru\/wp-json\/wp\/v2\/pages\/6696","targetHints":{"allow":["GET"]}}],"collection":[{"href":"https:\/\/patent.hu\/ru\/wp-json\/wp\/v2\/pages"}],"about":[{"href":"https:\/\/patent.hu\/ru\/wp-json\/wp\/v2\/types\/page"}],"author":[{"embeddable":true,"href":"https:\/\/patent.hu\/ru\/wp-json\/wp\/v2\/users\/1"}],"replies":[{"embeddable":true,"href":"https:\/\/patent.hu\/ru\/wp-json\/wp\/v2\/comments?post=6696"}],"version-history":[{"count":2,"href":"https:\/\/patent.hu\/ru\/wp-json\/wp\/v2\/pages\/6696\/revisions"}],"predecessor-version":[{"id":6705,"href":"https:\/\/patent.hu\/ru\/wp-json\/wp\/v2\/pages\/6696\/revisions\/6705"}],"wp:attachment":[{"href":"https:\/\/patent.hu\/ru\/wp-json\/wp\/v2\/media?parent=6696"}],"curies":[{"name":"wp","href":"https:\/\/api.w.org\/{rel}","templated":true}]}}